{"id":90,"date":"2021-12-20T20:33:35","date_gmt":"2021-12-20T20:33:35","guid":{"rendered":"https:\/\/sportfreaks.eu\/?page_id=90"},"modified":"2022-02-07T20:40:02","modified_gmt":"2022-02-07T20:40:02","slug":"kontakt","status":"publish","type":"page","link":"https:\/\/sportfreaks.eu\/index.php\/kontakt\/","title":{"rendered":"Kontakt"},"content":{"rendered":"<div style=\"height:1px\" aria-hidden=\"true\" class=\"wp-block-spacer desktop-only\"><\/div><p class=\"has-text-align-center\">Bitte kontaktieren Sie uns bei <strong>Anliegen, W\u00fcnschen, Problemen oder auch Verbesserungsvorschl\u00e4gen<\/strong> (Mail oder Soziale Medien). <\/p><div style=\"height:1px\" aria-hidden=\"true\" class=\"wp-block-spacer desktop-only\"><\/div><div class=\"wp-block-columns alignwide has-2-columns is-layout-flex wp-container-core-columns-is-layout-9d6595d7 wp-block-columns-is-layout-flex\"><div class=\"wp-block-column is-layout-flow wp-block-column-is-layout-flow\"><h2 class=\"has-text-align-center wp-block-heading\" id=\"social-media\">Social Media<\/h2>\n\n<div class=\"wp-block-buttons is-layout-flex wp-block-buttons-is-layout-flex\"><div class=\"wp-block-button aligncenter\"><a class=\"wp-block-button__link has-white-color has-text-color has-background\" href=\"https:\/\/www.instagram.com\/_sportfreaks\/\" style=\"background-color:#f55e8e\">Instagram<\/a><\/div><\/div>\n\n<div style=\"height:12px\" aria-hidden=\"true\" class=\"wp-block-spacer\"><\/div>\n\n<div class=\"wp-block-buttons is-layout-flex wp-block-buttons-is-layout-flex\"><div class=\"wp-block-button aligncenter\"><a class=\"wp-block-button__link has-background\" href=\"https:\/\/www.facebook.com\/Sport-Freaks-100637065883225\" style=\"background-color:#1e7de3\">Facebook<\/a><\/div><\/div>\n\n<div style=\"height:12px\" aria-hidden=\"true\" class=\"wp-block-spacer\"><\/div>\n\n<div class=\"wp-block-buttons is-layout-flex wp-block-buttons-is-layout-flex\"><div class=\"wp-block-button aligncenter\"><a class=\"wp-block-button__link has-background\" href=\"https:\/\/www.youtube.com\/channel\/UCbGZ9qaGOU_KQLTNxU_TjSQ\" style=\"background-color:#ff0505\">YouTube<\/a><\/div><\/div><\/div>\n\n<div class=\"wp-block-column is-layout-flow wp-block-column-is-layout-flow\"><h2 class=\"has-text-align-center wp-block-heading\" id=\"e-mail\">E-MAIL<\/h2>\n\n<p> <strong>E-Mail<\/strong>: <a href=\"mailto:info@prof-tegischer.com\">info@<\/a><a href=\"mailto:info@sportfreaks.eu\" data-type=\"mailto\" data-id=\"mailto:info@sportfreaks.eu\">sportfreaks.eu<\/a> <\/p><\/div><\/div><div style=\"height:220px\" aria-hidden=\"true\" class=\"wp-block-spacer\"><\/div><p class=\"has-text-align-center\"><a href=\"https:\/\/sportfreaks.eu\/index.php\/datenschutzerklaerung\/\" data-type=\"URL\" data-id=\"https:\/\/sportfreaks.eu\/index.php\/datenschutzerklaerung\/\">Datenschutzerkl\u00e4rung<\/a> ~ <a href=\"https:\/\/sportfreaks.eu\/index.php\/impressum\/\" data-type=\"URL\" data-id=\"https:\/\/sportfreaks.eu\/index.php\/impressum\/\">Impressum<\/a> ~ <a href=\"https:\/\/sportfreaks.eu\/index.php\/lizenzbedingungen-und-regeln\/\" data-type=\"URL\" data-id=\"https:\/\/sportfreaks.eu\/index.php\/lizenzbedingungen-und-regeln\/\">Lizenzbedingungen und Regeln<\/a><\/p>","protected":false},"excerpt":{"rendered":"<p>Bitte kontaktieren Sie uns bei Anliegen, W\u00fcnschen, Problemen oder auch Verbesserungsvorschl\u00e4gen (Mail oder Soziale Medien). Social Media E-MAIL E-Mail: info@sportfreaks.eu Datenschutzerkl\u00e4rung ~ Impressum ~ Lizenzbedingungen und Regeln<\/p>\n","protected":false},"author":1,"featured_media":0,"parent":0,"menu_order":0,"comment_status":"closed","ping_status":"closed","template":"","meta":{"footnotes":""},"class_list":["post-90","page","type-page","status-publish","hentry"],"_links":{"self":[{"href":"https:\/\/sportfreaks.eu\/index.php\/wp-json\/wp\/v2\/pages\/90","targetHints":{"allow":["GET"]}}],"collection":[{"href":"https:\/\/sportfreaks.eu\/index.php\/wp-json\/wp\/v2\/pages"}],"about":[{"href":"https:\/\/sportfreaks.eu\/index.php\/wp-json\/wp\/v2\/types\/page"}],"author":[{"embeddable":true,"href":"https:\/\/sportfreaks.eu\/index.php\/wp-json\/wp\/v2\/users\/1"}],"replies":[{"embeddable":true,"href":"https:\/\/sportfreaks.eu\/index.php\/wp-json\/wp\/v2\/comments?post=90"}],"version-history":[{"count":13,"href":"https:\/\/sportfreaks.eu\/index.php\/wp-json\/wp\/v2\/pages\/90\/revisions"}],"predecessor-version":[{"id":526,"href":"https:\/\/sportfreaks.eu\/index.php\/wp-json\/wp\/v2\/pages\/90\/revisions\/526"}],"wp:attachment":[{"href":"https:\/\/sportfreaks.eu\/index.php\/wp-json\/wp\/v2\/media?parent=90"}],"curies":[{"name":"wp","href":"https:\/\/api.w.org\/{rel}","templated":true}]}}