{"id":88,"date":"2021-12-20T20:33:08","date_gmt":"2021-12-20T20:33:08","guid":{"rendered":"https:\/\/sportfreaks.eu\/?page_id=88"},"modified":"2023-10-25T16:19:26","modified_gmt":"2023-10-25T16:19:26","slug":"konzept","status":"publish","type":"page","link":"https:\/\/sportfreaks.eu\/index.php\/konzept\/","title":{"rendered":"Konzept"},"content":{"rendered":"<p>Die Sportfreaks wollen einen wertvollen Beitrag einerseits im Unterrichtsfach Bewegung &amp; Sport, aber andererseits auch f\u00fcr alle bewegungsbegeisterten Menschen liefern. In den kommenden Monaten und Jahren sollen Inhalte verschiedener Sportarten neu aufbereitet werden.<\/p><h4 class=\"wp-block-heading has-text-color\" id=\"block-1-boden-und-geratturnen\" style=\"color:#006fb0\"><mark style=\"background-color:rgba(0, 0, 0, 0)\" class=\"has-inline-color has-vivid-cyan-blue-color\">Block 1: Boden- und Ger\u00e4tturnen<\/mark><\/h4><p>Zu Beginn unserer Zusammenarbeit haben wir uns dazu entschlossen, <strong>den ersten Block unseres Projekts im Bereich des Boden- und Ger\u00e4tturnens<\/strong> zu realisieren:<\/p><p>Das Boden- und Ger\u00e4teturnen ist wesentlicher Bestandteil des Unterrichtsfachs Bewegung und Sport. Allerdings wird dem Ger\u00e4tturnen einschlie\u00dflich der Bewegungsk\u00fcnste in den letzten Jahren immer weniger Beachtung geschenkt. Grund daf\u00fcr sind mangelnde Vermittlungskonzepte, um den Lernenden Turnbewegungen zu vermitteln sowie nicht ausreichend vorhandene Ma\u00dfnahmen zur Sicherung von Sch\u00fcler\/innen. <\/p><p>Aufgrund dieser Ausgangssituation haben sich Lukas Tegischer und Andre Zsivkovits entschieden dieses Projekt unter dem Namen Sport Freaks zu starten, um den Unterricht zu revolutionieren! <\/p><h4 class=\"wp-block-heading has-text-color\" id=\"zielsetzung\" style=\"color:#006fb0\">Zielsetzung<\/h4><p>Durch dieses Projekt werden informative Materialien und Konzepte f\u00fcr Sch\u00fcler\/innen, Lehrer\/innen, Sportbegeisterte und Vereine zu Verf\u00fcgung gestellt. Das Ziel der Sport Freaks ist es, einen verbesserten und qualitativer hochwertigeren Turnunterricht zu erm\u00f6glichen. Hierbei werden die wichtigsten Ziel\u00fcbungen, Grund\u00fcbungen und Sicherungs\u00fcbungen methodisch vorbereitet, um den Unterricht in Schulen und Vereinen sicher zu gestalten. Ebenso ist es f\u00fcr das Projektteam selbst eine Ehre die eigenen Qualit\u00e4ten zu verbessern und dabei auch Spa\u00df miteinander und mit den Ergebnissen zu haben. Die Sport Freaks streben daher auch eine Vorbildwirkung f\u00fcr alle Sportbegeisterten an.<\/p><p>Ziel ist es, dass der Unterricht sowohl f\u00fcr Sch\u00fclerInnen als auch f\u00fcr LehrerInnen aufgewertet wird und produktiver gestaltet werden kann. Aber auch alle Sportbegeisterten k\u00f6nnen sich anhand der Materialien verbessern.<\/p><p class=\"has-text-align-center has-vivid-red-color has-text-color has-medium-font-size\"><strong>Methodik-Konzept der Sport Freaks:<\/strong><\/p><p class=\"has-text-align-center has-medium-font-size\"><a href=\"https:\/\/sportfreaks.eu\/index.php\/methodikkonzept-boden\/\" data-type=\"URL\" data-id=\"https:\/\/sportfreaks.eu\/index.php\/methodikkonzept-boden\/\">Methodikkonzept: Boden<\/a><\/p><p class=\"has-text-align-center has-medium-font-size\"><a href=\"https:\/\/sportfreaks.eu\/index.php\/methodikkonzept-reck\/\" data-type=\"URL\">Methodikkonzept: Reck<\/a>  (frei verf\u00fcgbar)<\/p><p class=\"has-text-align-center has-medium-font-size\"><a href=\"https:\/\/sportfreaks.eu\/index.php\/methodikkonzept-barren\/\" data-type=\"URL\">Methodikkonzept: Barren<\/a><\/p><div style=\"height:43px\" aria-hidden=\"true\" class=\"wp-block-spacer\"><\/div><p class=\"has-text-align-center has-vivid-red-color has-text-color has-medium-font-size\"><strong>Sport Freaks &#8211; Ausarbeitungen:<\/strong><\/p><p class=\"has-text-align-center has-medium-font-size\"><a href=\"https:\/\/sportfreaks.eu\/index.php\/ausarbeitungen-boden\/\" data-type=\"URL\" data-id=\"https:\/\/sportfreaks.eu\/index.php\/ausarbeitungen-boden\/\">Ausarbeitungen &#8211; Boden<\/a><\/p><p class=\"has-text-align-center has-medium-font-size\"><a href=\"https:\/\/sportfreaks.eu\/index.php\/ausarbeitungen-barren\/\">Ausarbeitungen &#8211; Barren<\/a><\/p><p class=\"has-text-align-center has-medium-font-size\"><a href=\"https:\/\/sportfreaks.eu\/index.php\/ausarbeitungen-reck\/\">Ausarbeitungen &#8211; Reck<\/a><\/p><div style=\"height:62px\" aria-hidden=\"true\" class=\"wp-block-spacer\"><\/div><div class=\"wp-block-buttons is-content-justification-center is-layout-flex wp-container-core-buttons-is-layout-16018d1d wp-block-buttons-is-layout-flex\"><div class=\"wp-block-button\"><a class=\"wp-block-button__link has-black-color has-vivid-green-cyan-background-color has-text-color has-background wp-element-button\" href=\"https:\/\/www.checkout-ds24https:\/\/www.checkout-ds24.com\/product\/522053.com\/product\/522053https:\/\/sportfreaks.eu\/\">Werde Mitglied bei den Sport Freaks (auf diesen Button klicken)<\/a><\/div><\/div><div style=\"height:220px\" aria-hidden=\"true\" class=\"wp-block-spacer\"><\/div><p class=\"has-text-align-center\"><a href=\"https:\/\/sportfreaks.eu\/index.php\/datenschutzerklaerung\/\" data-type=\"URL\" data-id=\"https:\/\/sportfreaks.eu\/index.php\/datenschutzerklaerung\/\">Datenschutzerkl\u00e4rung<\/a> ~ <a href=\"https:\/\/sportfreaks.eu\/index.php\/impressum\/\" data-type=\"URL\" data-id=\"https:\/\/sportfreaks.eu\/index.php\/impressum\/\">Impressum<\/a> ~ <a href=\"https:\/\/sportfreaks.eu\/index.php\/lizenzbedingungen-und-regeln\/\" data-type=\"URL\" data-id=\"https:\/\/sportfreaks.eu\/index.php\/lizenzbedingungen-und-regeln\/\">Lizenzbedingungen und Regeln<\/a><\/p>","protected":false},"excerpt":{"rendered":"<p>Die Sportfreaks wollen einen wertvollen Beitrag einerseits im Unterrichtsfach Bewegung &amp; Sport, aber andererseits auch f\u00fcr alle bewegungsbegeisterten Menschen liefern. In den kommenden Monaten und Jahren sollen Inhalte verschiedener Sportarten neu aufbereitet werden. Block 1: Boden- und Ger\u00e4tturnen Zu Beginn unserer Zusammenarbeit haben wir uns dazu entschlossen, den ersten Block unseres Projekts im Bereich des [&hellip;]<\/p>\n","protected":false},"author":1,"featured_media":0,"parent":0,"menu_order":0,"comment_status":"closed","ping_status":"closed","template":"","meta":{"footnotes":""},"class_list":["post-88","page","type-page","status-publish","hentry"],"_links":{"self":[{"href":"https:\/\/sportfreaks.eu\/index.php\/wp-json\/wp\/v2\/pages\/88","targetHints":{"allow":["GET"]}}],"collection":[{"href":"https:\/\/sportfreaks.eu\/index.php\/wp-json\/wp\/v2\/pages"}],"about":[{"href":"https:\/\/sportfreaks.eu\/index.php\/wp-json\/wp\/v2\/types\/page"}],"author":[{"embeddable":true,"href":"https:\/\/sportfreaks.eu\/index.php\/wp-json\/wp\/v2\/users\/1"}],"replies":[{"embeddable":true,"href":"https:\/\/sportfreaks.eu\/index.php\/wp-json\/wp\/v2\/comments?post=88"}],"version-history":[{"count":25,"href":"https:\/\/sportfreaks.eu\/index.php\/wp-json\/wp\/v2\/pages\/88\/revisions"}],"predecessor-version":[{"id":1888,"href":"https:\/\/sportfreaks.eu\/index.php\/wp-json\/wp\/v2\/pages\/88\/revisions\/1888"}],"wp:attachment":[{"href":"https:\/\/sportfreaks.eu\/index.php\/wp-json\/wp\/v2\/media?parent=88"}],"curies":[{"name":"wp","href":"https:\/\/api.w.org\/{rel}","templated":true}]}}