{"id":85,"date":"2021-12-20T20:32:48","date_gmt":"2021-12-20T20:32:48","guid":{"rendered":"https:\/\/sportfreaks.eu\/?page_id=85"},"modified":"2025-03-07T21:15:05","modified_gmt":"2025-03-07T21:15:05","slug":"das-sind-wir","status":"publish","type":"page","link":"https:\/\/sportfreaks.eu\/index.php\/das-sind-wir\/","title":{"rendered":"Team &#8211; Sport Freaks"},"content":{"rendered":"\t\t<div data-elementor-type=\"wp-page\" data-elementor-id=\"85\" class=\"elementor elementor-85\">\n\t\t\t\t<section class=\"elementor-section elementor-top-section elementor-element elementor-element-1acd634f elementor-section-content-middle elementor-section-boxed elementor-section-height-default elementor-section-height-default\" data-id=\"1acd634f\" data-element_type=\"section\">\n\t\t\t\t\t\t<div class=\"elementor-container elementor-column-gap-no\">\n\t\t\t\t\t<div class=\"elementor-column elementor-col-100 elementor-top-column elementor-element elementor-element-6032fd89\" data-id=\"6032fd89\" data-element_type=\"column\">\n\t\t\t<div class=\"elementor-widget-wrap elementor-element-populated\">\n\t\t\t\t\t\t<section class=\"elementor-section elementor-inner-section elementor-element elementor-element-3e793227 elementor-section-boxed elementor-section-height-default elementor-section-height-default\" data-id=\"3e793227\" data-element_type=\"section\">\n\t\t\t\t\t\t<div class=\"elementor-container elementor-column-gap-default\">\n\t\t\t\t\t<div class=\"elementor-column elementor-col-50 elementor-inner-column elementor-element elementor-element-3256ff2a\" data-id=\"3256ff2a\" data-element_type=\"column\">\n\t\t\t<div class=\"elementor-widget-wrap elementor-element-populated\">\n\t\t\t\t\t\t<div class=\"elementor-element elementor-element-344613a4 elementor-position-top elementor-widget elementor-widget-image-box\" data-id=\"344613a4\" data-element_type=\"widget\" data-widget_type=\"image-box.default\">\n\t\t\t\t<div class=\"elementor-widget-container\">\n\t\t\t\t\t<div class=\"elementor-image-box-wrapper\"><figure class=\"elementor-image-box-img\"><img fetchpriority=\"high\" decoding=\"async\" width=\"2453\" height=\"3185\" src=\"https:\/\/sportfreaks.eu\/wp-content\/uploads\/2022\/01\/Foto_Lukas-1.png\" class=\"elementor-animation-grow attachment-full size-full wp-image-405\" alt=\"\" srcset=\"https:\/\/sportfreaks.eu\/wp-content\/uploads\/2022\/01\/Foto_Lukas-1.png 2453w, https:\/\/sportfreaks.eu\/wp-content\/uploads\/2022\/01\/Foto_Lukas-1-600x779.png 600w, https:\/\/sportfreaks.eu\/wp-content\/uploads\/2022\/01\/Foto_Lukas-1-231x300.png 231w, https:\/\/sportfreaks.eu\/wp-content\/uploads\/2022\/01\/Foto_Lukas-1-789x1024.png 789w, https:\/\/sportfreaks.eu\/wp-content\/uploads\/2022\/01\/Foto_Lukas-1-768x997.png 768w, https:\/\/sportfreaks.eu\/wp-content\/uploads\/2022\/01\/Foto_Lukas-1-1183x1536.png 1183w, https:\/\/sportfreaks.eu\/wp-content\/uploads\/2022\/01\/Foto_Lukas-1-1577x2048.png 1577w\" sizes=\"(max-width: 2453px) 100vw, 2453px\" \/><\/figure><div class=\"elementor-image-box-content\"><h3 class=\"elementor-image-box-title\">Mag. Lukas Tegischer, BSc<\/h3><\/div><\/div>\t\t\t\t<\/div>\n\t\t\t\t<\/div>\n\t\t\t\t<div class=\"elementor-element elementor-element-2d72563c elementor-widget elementor-widget-text-editor\" data-id=\"2d72563c\" data-element_type=\"widget\" data-widget_type=\"text-editor.default\">\n\t\t\t\t<div class=\"elementor-widget-container\">\n\t\t\t\t\t\t\t\t\t<p>Lehrer an einem \u00f6sterreichischem Gymnasium mit Sport-Schwerpunkt&nbsp;<\/p>\n<p>F\u00e4cher: Bewegung &amp; Sport und Mathematik<\/p>\n<p><span style=\"text-decoration: underline;\"><strong>Ausbildungen im Bereich des Sports:<\/strong><\/span><\/p>\n<ul>\n<li>Bachelorstudium Sportwissenschaften (2018)<\/li>\n<li>Fu\u00dfball: Kindertrainer (2015), Jugendtrainer (2017), UEFA-B-Lizenz (2019)<\/li>\n<li>\u00dcbungsleiter Volleyball (2017)<\/li><li>\u00dcbungsleiter Boden- und Ger\u00e4tturnen (2019)<\/li><li>\u00dcbungsleiten Trampolin (2025)<\/li><li>\u00dcbungsleiter Schwimmen (2025)<\/li><li><b>geplant<\/b>: Instruktor Kunstturnen (2025\/26)<\/li><li><span style=\"font-family: var( --e-global-typography-text-font-family ), Sans-serif;\">Retterschein Schwimmen (2016)<\/span><\/li>\n<li><span style=\"font-family: var( --e-global-typography-text-font-family ), Sans-serif;\">Kiteboarding Licence (2018)<\/span><\/li>\n<li><span style=\"font-family: var( --e-global-typography-text-font-family ), Sans-serif;\">Trainer Grundkurs (2019)<\/span><\/li>\n<\/ul>\t\t\t\t\t\t\t\t<\/div>\n\t\t\t\t<\/div>\n\t\t\t\t\t<\/div>\n\t\t<\/div>\n\t\t\t\t<div class=\"elementor-column elementor-col-50 elementor-inner-column elementor-element elementor-element-4d606058\" data-id=\"4d606058\" data-element_type=\"column\">\n\t\t\t<div class=\"elementor-widget-wrap elementor-element-populated\">\n\t\t\t\t\t\t<div class=\"elementor-element elementor-element-27c65b1a elementor-position-top elementor-widget elementor-widget-image-box\" data-id=\"27c65b1a\" data-element_type=\"widget\" data-widget_type=\"image-box.default\">\n\t\t\t\t<div class=\"elementor-widget-container\">\n\t\t\t\t\t<div class=\"elementor-image-box-wrapper\"><figure class=\"elementor-image-box-img\"><img decoding=\"async\" src=\"https:\/\/sportfreaks.eu\/wp-content\/uploads\/2022\/01\/Foto_Andre2.png\" title=\"Foto_Andre2\" alt=\"Foto_Andre2\" class=\"elementor-animation-grow\" loading=\"lazy\" \/><\/figure><div class=\"elementor-image-box-content\"><h3 class=\"elementor-image-box-title\">Andr\u00e9 Zsivkovits, BEd MEd<\/h3><\/div><\/div>\t\t\t\t<\/div>\n\t\t\t\t<\/div>\n\t\t\t\t<div class=\"elementor-element elementor-element-4f52f21a elementor-widget elementor-widget-text-editor\" data-id=\"4f52f21a\" data-element_type=\"widget\" data-widget_type=\"text-editor.default\">\n\t\t\t\t<div class=\"elementor-widget-container\">\n\t\t\t\t\t\t\t\t\t<p style=\"text-align: left;\">Lehrer an einer Mittelschule<\/p>\n<p style=\"text-align: left;\">F\u00e4cher: Bewegung &amp; Sport, Geographie &amp; wirtschaftliche Bildung, Geschichte und politische Bildung<\/p>\n<p style=\"text-align: left;\"><span style=\"text-decoration-line: underline;\"><strong>Ausbildungen im Bereich des Sports:<\/strong><\/span><\/p>\n<ul style=\"color: #000000; text-align: left;\">\n<li>\u00dcbungsleiter Tennis (2018)<\/li>\n<li>Staatlich gepr\u00fcfter Tennis Instruktor (2023)<\/li>\n<li>Sichern und Retten (2018)<\/li>\n<li>Retterschein Schwimmen (2021)<\/li>\n<\/ul>\t\t\t\t\t\t\t\t<\/div>\n\t\t\t\t<\/div>\n\t\t\t\t\t<\/div>\n\t\t<\/div>\n\t\t\t\t\t<\/div>\n\t\t<\/section>\n\t\t\t\t\t<\/div>\n\t\t<\/div>\n\t\t\t\t\t<\/div>\n\t\t<\/section>\n\t\t\t\t<section class=\"elementor-section elementor-top-section elementor-element elementor-element-4d7a82f9 elementor-section-boxed elementor-section-height-default elementor-section-height-default\" data-id=\"4d7a82f9\" data-element_type=\"section\">\n\t\t\t\t\t\t<div class=\"elementor-container elementor-column-gap-default\">\n\t\t\t\t\t<div class=\"elementor-column elementor-col-100 elementor-top-column elementor-element elementor-element-261e52e2\" data-id=\"261e52e2\" data-element_type=\"column\">\n\t\t\t<div class=\"elementor-widget-wrap elementor-element-populated\">\n\t\t\t\t\t\t<div class=\"elementor-element elementor-element-24d14e82 elementor-widget elementor-widget-text-editor\" data-id=\"24d14e82\" data-element_type=\"widget\" data-widget_type=\"text-editor.default\">\n\t\t\t\t<div class=\"elementor-widget-container\"><div style=\"height:220px\" aria-hidden=\"true\" class=\"wp-block-spacer\"><\/div><p class=\"has-text-align-center\"><a href=\"https:\/\/sportfreaks.eu\/index.php\/datenschutzerklaerung\/\" data-type=\"URL\" data-id=\"https:\/\/sportfreaks.eu\/index.php\/datenschutzerklaerung\/\">Datenschutzerkl\u00e4rung<\/a> ~ <a href=\"https:\/\/sportfreaks.eu\/index.php\/impressum\/\" data-type=\"URL\" data-id=\"https:\/\/sportfreaks.eu\/index.php\/impressum\/\">Impressum<\/a> ~ <a href=\"https:\/\/sportfreaks.eu\/index.php\/lizenzbedingungen-und-regeln\/\" data-type=\"URL\" data-id=\"https:\/\/sportfreaks.eu\/index.php\/lizenzbedingungen-und-regeln\/\">Lizenzbedingungen und Regeln<\/a><\/p><\/div>\n\t\t\t\t<\/div>\n\t\t\t\t\t<\/div>\n\t\t<\/div>\n\t\t\t\t\t<\/div>\n\t\t<\/section>\t\t<\/div>\n\t\t","protected":false},"excerpt":{"rendered":"<p>Mag. Lukas Tegischer, BSc Lehrer an einem \u00f6sterreichischem Gymnasium mit Sport-Schwerpunkt&nbsp; F\u00e4cher: Bewegung &amp; Sport und Mathematik Ausbildungen im Bereich des Sports: Bachelorstudium Sportwissenschaften (2018) Fu\u00dfball: Kindertrainer (2015), Jugendtrainer (2017), UEFA-B-Lizenz (2019) \u00dcbungsleiter Volleyball (2017) \u00dcbungsleiter Boden- und Ger\u00e4tturnen (2019) \u00dcbungsleiten Trampolin (2025) \u00dcbungsleiter Schwimmen (2025) geplant: Instruktor Kunstturnen (2025\/26) Retterschein Schwimmen (2016) Kiteboarding Licence [&hellip;]<\/p>\n","protected":false},"author":1,"featured_media":0,"parent":0,"menu_order":0,"comment_status":"closed","ping_status":"closed","template":"","meta":{"footnotes":""},"class_list":["post-85","page","type-page","status-publish","hentry"],"_links":{"self":[{"href":"https:\/\/sportfreaks.eu\/index.php\/wp-json\/wp\/v2\/pages\/85","targetHints":{"allow":["GET"]}}],"collection":[{"href":"https:\/\/sportfreaks.eu\/index.php\/wp-json\/wp\/v2\/pages"}],"about":[{"href":"https:\/\/sportfreaks.eu\/index.php\/wp-json\/wp\/v2\/types\/page"}],"author":[{"embeddable":true,"href":"https:\/\/sportfreaks.eu\/index.php\/wp-json\/wp\/v2\/users\/1"}],"replies":[{"embeddable":true,"href":"https:\/\/sportfreaks.eu\/index.php\/wp-json\/wp\/v2\/comments?post=85"}],"version-history":[{"count":93,"href":"https:\/\/sportfreaks.eu\/index.php\/wp-json\/wp\/v2\/pages\/85\/revisions"}],"predecessor-version":[{"id":1985,"href":"https:\/\/sportfreaks.eu\/index.php\/wp-json\/wp\/v2\/pages\/85\/revisions\/1985"}],"wp:attachment":[{"href":"https:\/\/sportfreaks.eu\/index.php\/wp-json\/wp\/v2\/media?parent=85"}],"curies":[{"name":"wp","href":"https:\/\/api.w.org\/{rel}","templated":true}]}}