{"id":803,"date":"2022-10-30T07:52:52","date_gmt":"2022-10-30T07:52:52","guid":{"rendered":"https:\/\/sportfreaks.eu\/?page_id=803"},"modified":"2023-10-23T06:33:22","modified_gmt":"2023-10-23T06:33:22","slug":"methodik","status":"publish","type":"page","link":"https:\/\/sportfreaks.eu\/index.php\/methodik\/","title":{"rendered":"Methodik"},"content":{"rendered":"<p>F\u00fcr die Sport Freaks ist es die <strong>oberste Priorit\u00e4t<\/strong>, einen methodisch durchdachten Unterricht durchzuf\u00fchren. Eine potentielle Verletzungsgefahr f\u00fcr Sch\u00fclerinnen und Sch\u00fcler ist im Bereich Boden- und Ger\u00e4tturnen stets gegeben. Lehrerinnen und Lehrer m\u00fcssen die Unterrichtseinheit durchdenken und planen. Die Situation wird zus\u00e4tzlich erschwert, da das Niveau der Turnerinnen bzw. Turner in vielen F\u00e4llen stark unterschiedlich ist &#8211; unser pers\u00f6nliches Ziel ist es jedoch, jede\/n so gut es geht individuell in der Turneinheit f\u00f6rdern zu k\u00f6nnen.<\/p><p>Aus diesen Gr\u00fcnden haben wir uns Methodikkonzepte f\u00fcr die einzelnen Ger\u00e4te \u00fcberlegt (inkl. K\u00fcren). Die Turnerinnen\/Turner bzw. Trainerinnen\/Trainer wissen dadurch, welche \u00dcbungen relevant sind und sollen sich Schritt f\u00fcr Schritt voranarbeiten. Dadurch ergeben sich <strong>zwei gro\u00dfe Vorteile<\/strong>:<\/p><ul class=\"wp-block-list\"><li>Die Verletzungsgefahr f\u00fcr <strong>Turnerinnen und Turner<\/strong> sinkt enorm. M\u00f6chten sie \u00dcbungen wie z.B. den Flick-Flack oder einen Salto turnen, m\u00fcssen zuerst voraussetzende \u00dcbungen gekonnt werden. Wenn dies gegeben ist, bieten die Sport Freaks eine methodische Vorgehensweise f\u00fcr jede einzelne \u00dcbung (sofern bereits ausgearbeitet) an. <br>Turnen Sch\u00fclerinnen\/Sch\u00fcler \u00dcbungen, die f\u00fcr sie vom Schwierigkeitsgrad passend sind, treten viel h\u00e4ufiger Erfolgserlebnisse auf. Und gerade Erfolgserlebnisse sind am Anfang der Turnkarriere wichtig. Werden sie jedoch von Beginn an mit \u00dcbungen konfrontiert, die noch &#8222;zu schwierig&#8220; sind, werden sie ziemlich schnell mit der Sportart Kunstturnen abschlie\u00dfen.<br> <\/li>\n\n<li>F\u00fchren <strong>Lehrpersonen <\/strong>den Unterricht methodisch falsch durch &amp; es kommt zu einer Verletzung (Beispiel: &#8222;Mache einen Salto rw.&#8220; &#8211; ohne methodische \u00dcbungen, Hilfestellungen, etc.. &#8211; der Turner verletzt sich dabei schwer), wird die Lehrperson im Normalfall Probleme bekommen. Arbeiten Lehrpersonen jedoch nach einem klaren <strong>Methodikkonzept<\/strong> (passende \u00dcbungen, methodischer Aufbau von jeder \u00dcbung, Hilfestellung), sind sie auch im Falle von Verletzungen (die leider auch bei einem optimal-geplanten Unterricht auftreten k\u00f6nnen) im Regelfall nicht angreifbar.<\/li><\/ul><p>Ein weiterer Teil des Methodik-Konzeptes besteht aus den angef\u00fchrten K\u00fcren. Diese sollen vor dem Trainer\/der Trainerin geturnt werden (um eine Stufe abschlie\u00dfen zu k\u00f6nnen). Dabei ist uns wichtig, dass Turnerinnen und Turner (auch wenn sie noch keine &#8222;schwierigen&#8220; \u00dcbungen turnen) bereits K\u00fcren turnen. Sie sollen in der Anfangsphase so viele Erfolgserlebnisse wie m\u00f6glich sammeln und das Gef\u00fchl erhalten, dass sie etwas k\u00f6nnen! <strong>WICHTIGE Aufgabe als Trainer<\/strong>: Achtet von Beginn an auf die Ausf\u00fchrung der \u00dcbungen! Bringt ihr euren Turnerinnen\/Turnern eine ordentliche Ausf\u00fchrung von Beginn an bei, zieht sich dies wie ein roter Faden durch die Turnkarriere durch.<\/p><p>Vor allem bei fortgeschrittenen Turnern (Verein, Schule) kommen die Turnerinnen\/Turner im Idealfall bereits mit einem Vorwissen zur Einheit (sprich: man \u00fcberlegt sich pro Ger\u00e4t 1-2 \u00dcbungen, die man in dieser Einheit lernen m\u00f6chte &amp; schaut sich dazu bereits den Bewegungsablauf, methodische \u00dcbungen und Hilfestellungen an). Mit diesem Wissen kommen sie mit einem klaren Plan zur Einheit und k\u00f6nnen mit der Trainerin bzw. dem Trainer daran arbeiten. Diese Form des Unterrichts funktioniert jedoch nur mit Gruppen, die die n\u00f6tige Reife und Einstellung mitbringen. Alternativ k\u00f6nnen Lehrpersonen einzelne \u00dcbungen f\u00fcr die gesamte Klasse als &#8222;Haus\u00fcbung&#8220; aufgeben, deren Ablauf sie bereits durchdenken sollen.<\/p><p>Die Einteilung der \u00dcbungen (jeweilige Stufe) sind eine Empfehlung der Sport Freaks und nicht in Stein gemei\u00dfelt. In mehreren F\u00e4llen kann man diskutieren, ob eine \u00dcbung bereits in der Stufe davor oder danach geturnt werden soll &#8211; der grobe Rahmen (von leicht nach schwierig) passt jedoch. Wenn ihr Verbesserungsvorschl\u00e4ge oder R\u00fcckmeldungen dazu habt, meldet euch bei uns.<\/p><p>F\u00fcr die Lehrpersonen stehen zudem Dokumente zur Verf\u00fcgung, mit denen sie die Fortschritte der Sch\u00fclerinnen und Sch\u00fcler notieren k\u00f6nnen.<\/p><p class=\"has-text-align-center has-medium-font-size\"><a href=\"https:\/\/sportfreaks.eu\/index.php\/methodikkonzept-boden\/\" data-type=\"URL\" data-id=\"https:\/\/sportfreaks.eu\/index.php\/methodikkonzept-boden\/\">Methodikkonzept: Boden<\/a> (nur im Mitgliederbereich)<\/p><div style=\"height:20px\" aria-hidden=\"true\" class=\"wp-block-spacer\"><\/div><p class=\"has-text-align-center has-medium-font-size\"><a href=\"https:\/\/sportfreaks.eu\/index.php\/methodikkonzept-reck\/\" data-type=\"URL\" data-id=\"https:\/\/sportfreaks.eu\/index.php\/methodikkonzept-reck\/\">Methodikkonzept: Reck<\/a><\/p><div style=\"height:20px\" aria-hidden=\"true\" class=\"wp-block-spacer\"><\/div><p class=\"has-text-align-center has-medium-font-size\"><a href=\"https:\/\/sportfreaks.eu\/index.php\/methodikkonzept-barren\/\" data-type=\"URL\" data-id=\"https:\/\/sportfreaks.eu\/index.php\/methodikkonzept-barren\/\">Methodikkonzept: Barren<\/a> (nur im Mitgliederbereich)<\/p><div style=\"height:185px\" aria-hidden=\"true\" class=\"wp-block-spacer\"><\/div><p><\/p><p><\/p><p><a href=\"https:\/\/sportfreaks.eu\/index.php\/datenschutzerklaerung\/\">Datenschutzerkl\u00e4rung<\/a> ~ <a href=\"https:\/\/sportfreaks.eu\/index.php\/impressum\/\">Impressum<\/a> ~ <a href=\"https:\/\/sportfreaks.eu\/index.php\/lizenzbedingungen-und-regeln\/\">Lizenzbedingungen und Regeln<\/a><\/p><p><\/p><p><\/p><p><\/p>","protected":false},"excerpt":{"rendered":"<p>F\u00fcr die Sport Freaks ist es die oberste Priorit\u00e4t, einen methodisch durchdachten Unterricht durchzuf\u00fchren. Eine potentielle Verletzungsgefahr f\u00fcr Sch\u00fclerinnen und Sch\u00fcler ist im Bereich Boden- und Ger\u00e4tturnen stets gegeben. Lehrerinnen und Lehrer m\u00fcssen die Unterrichtseinheit durchdenken und planen. Die Situation wird zus\u00e4tzlich erschwert, da das Niveau der Turnerinnen bzw. Turner in vielen F\u00e4llen stark unterschiedlich [&hellip;]<\/p>\n","protected":false},"author":1,"featured_media":0,"parent":0,"menu_order":0,"comment_status":"closed","ping_status":"closed","template":"","meta":{"footnotes":""},"class_list":["post-803","page","type-page","status-publish","hentry"],"_links":{"self":[{"href":"https:\/\/sportfreaks.eu\/index.php\/wp-json\/wp\/v2\/pages\/803","targetHints":{"allow":["GET"]}}],"collection":[{"href":"https:\/\/sportfreaks.eu\/index.php\/wp-json\/wp\/v2\/pages"}],"about":[{"href":"https:\/\/sportfreaks.eu\/index.php\/wp-json\/wp\/v2\/types\/page"}],"author":[{"embeddable":true,"href":"https:\/\/sportfreaks.eu\/index.php\/wp-json\/wp\/v2\/users\/1"}],"replies":[{"embeddable":true,"href":"https:\/\/sportfreaks.eu\/index.php\/wp-json\/wp\/v2\/comments?post=803"}],"version-history":[{"count":16,"href":"https:\/\/sportfreaks.eu\/index.php\/wp-json\/wp\/v2\/pages\/803\/revisions"}],"predecessor-version":[{"id":1842,"href":"https:\/\/sportfreaks.eu\/index.php\/wp-json\/wp\/v2\/pages\/803\/revisions\/1842"}],"wp:attachment":[{"href":"https:\/\/sportfreaks.eu\/index.php\/wp-json\/wp\/v2\/media?parent=803"}],"curies":[{"name":"wp","href":"https:\/\/api.w.org\/{rel}","templated":true}]}}