{"id":230,"date":"2021-12-21T09:28:39","date_gmt":"2021-12-21T09:28:39","guid":{"rendered":"https:\/\/sportfreaks.eu\/?page_id=230"},"modified":"2023-10-23T09:10:36","modified_gmt":"2023-10-23T09:10:36","slug":"lizenzbedingungen-und-regeln","status":"publish","type":"page","link":"https:\/\/sportfreaks.eu\/index.php\/lizenzbedingungen-und-regeln\/","title":{"rendered":"Lizenzbedingungen und Regeln"},"content":{"rendered":"<p>Wir als Sport Freaks <strong>freuen&nbsp;<\/strong>uns, wenn KollegInnen die Unterlagen im eigenen Unterricht einsetzen oder wenn Sch\u00fclerInnen mit den Materialien Fortschritte erzielen m\u00f6chten.<br>Dennoch gibt es Regeln, an die sich alle Personen halten m\u00fcssen, die mit Materialien von Sport Freaks arbeiten.<\/p><h4 class=\"wp-block-heading\" id=\"allgemeine-regeln\">Allgemeine Regeln:<\/h4><ul class=\"wp-block-list\"><li>Die Nutzer d\u00fcrfen&nbsp;die Materialien f\u00fcr eigene Zwecke zur Erarbeitung von Inhalten nutzen.<\/li>\n\n<li>Die Nutzer &nbsp;d\u00fcrfen&nbsp;die Materialien herunterladen, ausdrucken und zur Nutzung im eigenen Bereich anwenden. <\/li>\n\n<li>Die Nutzer d\u00fcrfen unsere Materialen&nbsp;<strong>NICHT&nbsp;<\/strong>gewerblich nutzen, \u00fcber das Internet verbreiten oder an Dritte weitergeben. Graphiken d\u00fcrfen nicht ohne Zustimmung herauskopiert werden.<\/li>\n\n<li>Die Materialien d\u00fcrfen nicht ver\u00e4ndert und als eigene ausgegeben werden.<\/li>\n\n<li>Bei einem&nbsp;<strong>Missbrauch&nbsp;<\/strong>muss mit einer Schadenersatzforderung gerechnet werden.<\/li><\/ul><h4 class=\"wp-block-heading\" id=\"zusatzliche-regeln-fur-lehrpersonen\">Zus\u00e4tzliche Regeln f\u00fcr Lehrpersonen:<\/h4><ul class=\"wp-block-list\"><li><strong>WICHTIGSTE REGEL:<\/strong>&nbsp;LehrerInnen d\u00fcrfen die Materialien in&nbsp;<strong>Ihrem&nbsp;eigenen Unterricht<\/strong>&nbsp;verwenden:<br>\u2013 Es ist&nbsp;erlaubt, Kopien zu erstellen und diese den Sch\u00fclerInnen auszuteilen.<br>\u2013 LehrerInnen&nbsp;d\u00fcrfen&nbsp;Unterlagen in eLearning-Kursen ihren eigenen Sch\u00fclerinnen und Sch\u00fclern bereitstellen.<br>\u2013 Es ist&nbsp;<strong>erlaubt<\/strong>, die Materialien mit Ihren KollegInnen zu teilen. <\/li><\/ul><h4 class=\"wp-block-heading\" id=\"weiteres\">Weiteres<\/h4><ul class=\"wp-block-list\"><li>Eine Garantie f\u00fcr die Korrektheit der Inhalte kann nicht abgegeben werden. Im Zweifelsfall ist die Korrektheit anhand weiterer Quellen zu pr\u00fcfen.<\/li><\/ul><p><\/p><p><\/p><p><\/p><h1 class=\"wp-block-heading has-text-align-center\">AGB f\u00fcr alle Nutzer<\/h1><h3 class=\"wp-block-heading\" id=\"agb-dienst\">\u00a7 1 Dienstbeschreibung<\/h3><p>Der Betreiber dieser Webseite Lukas Tegischer bietet mit der Plattform <a href=\"http:\/\/prof-tegischer.com\">www.sportfreaks.eu<\/a>\u00a0Materialien im Fach Bewegung &amp; Sport an.<\/p><p>Zwischen dem Nutzer und dem Betreiber gelten die hier genannten AGB, die Voraussetzung sind, um den Dienst zu nutzen. Die AGB m\u00fcssen bei der Anmeldung akzeptiert werden.<\/p><h3 class=\"wp-block-heading\" id=\"agb-sicher\">\u00a7 2 Sicherheit der Zugangsdaten<\/h3><p>Beim Kauf muss der Nutzer Vornamen, Nachnamen und E-Mail-Adresse angeben und erh\u00e4lt per Mail ein zugewiesenes Passwort. Diese Zugangsdaten werden verschl\u00fcsselt gespeichert und d\u00fcrfen nicht an Dritte weitergegeben werden. Die Zugangsdaten m\u00fcssen geheimgehalten werden, hierf\u00fcr ist der Nutzer verantwortlich. Das Passwort kann im Bereich <a href=\"https:\/\/sportfreaks.eu\/index.php\/accountdaten-aendern\/\" data-type=\"link\" data-id=\"https:\/\/sportfreaks.eu\/index.php\/accountdaten-aendern\/\">Mein Profil<\/a> ge\u00e4ndert werden. <\/p><p>Sollten Dritte an die Zugangsdaten gelangen, so ist der Nutzer verpflichtet, sein Passwort unverz\u00fcglich zu \u00e4ndern und den Betreiber sofort \u00fcber einen eventuellen Missbrauch in Kenntnis zu setzen. Der Betreiber haftet nicht f\u00fcr Sch\u00e4den, die aus einem diesbez\u00fcglichen Missbrauch entstehen, sondern der Nutzer.<\/p><h3 class=\"wp-block-heading\" id=\"agb-verfug\">\u00a7 3 Verf\u00fcgbarkeit<\/h3><p>Der Betreiber ist bem\u00fcht, den Dienst und die Webseite st\u00f6rungsfrei zu betreiben, haftet jedoch nicht daf\u00fcr und \u00fcbernimmt keine Verantwortung, falls die Webseite vor\u00fcbergehend nicht verf\u00fcgbar ist. Auch f\u00fcr einen eventuellen Ausfall der Datenbank und einen eventuellen Verlust von durch Nutzern eingestellten Daten \u00fcbernimmt der Betreiber keine Haftung. Der Nutzer kann diesbez\u00fcglich keine Anspr\u00fcche stellen. Gleiches gilt f\u00fcr auf dem \u00dcbertragungsweg verlorengegangene Daten. Eine Haftung f\u00fcr Vorsatz oder grobe Fahrl\u00e4ssigkeit bleibt hiervon unber\u00fchrt.<\/p><h3 class=\"wp-block-heading\" id=\"agb-daten\">\u00a7 4 Datenschutz<\/h3><p>Der Betreiber sichert zu, nur notwendige Daten zu erfassen und diese mit \u00e4u\u00dferster Sorgfalt zu behandeln. Eine Weitergabe an Dritte ist ausgeschlossen. Alle Details finden Sie hier:\u00a0<a href=\"https:\/\/sportfreaks.eu\/index.php\/datenschutzerklaerung\/\" target=\"_blank\" rel=\"noreferrer noopener\">Regelungen zum Datenschutz<\/a><\/p><h3 class=\"wp-block-heading\" id=\"agb-haftbe\">\u00a7 5 Haftungsbeschr\u00e4nkung, Inhalte<\/h3><p>Soweit nichts anderes bestimmt ist, sind Schadensersatzanspr\u00fcche des Nutzers ausgeschlossen. Dies gilt auch zu Gunsten der Erf\u00fcllungsgehilfen und gesetzlichen Vertreter des Betreibers, sofern der Nutzer Anspr\u00fcche gegen diese geltend macht.<\/p><p>Der Betreiber haftet dem Nutzer gegen\u00fcber in Bezug auf Sch\u00e4den aus der Verletzung des Lebens, des K\u00f6rpers oder der Gesundheit nur, sofern wenigstens Fahrl\u00e4ssigkeit vorzuwerfen ist und \u00fcbernimmt dar\u00fcber hinaus keinerlei freiwillige Haftung. Die Haftung nach den gesetzlichen Vorschriften, deren Ausschluss nicht m\u00f6glich ist, bleibt unber\u00fchrt.<\/p><p>F\u00fcr die Richtigkeit, Vollst\u00e4ndigkeit und Aktualit\u00e4t der Inhalte kann der Betreiber keine Gew\u00e4hr \u00fcbernehmen. F\u00fcr falsche, unwahre, unverl\u00e4ssliche, nicht aktuelle, unbrauchbare oder unvollst\u00e4ndige Inhalte, die \u00f6ffentlich genutzt werden und zu Schaden f\u00fchren, haftet der Betreiber nicht.<\/p><p>Alle Inhalte und Werke, die auf der Webseite im Rahmen des Dienstes ver\u00f6ffentlicht werden, unterliegen dem deutschen Urheberrecht.<\/p><h3 class=\"wp-block-heading\" id=\"agb-beend\">\u00a7 6 Beendigung der Mitgliedschaft<\/h3><p>Der Nutzer kann seine Mitgliedschaft beenden, indem er seinen Account im Bereich <a href=\"https:\/\/sportfreaks.eu\/index.php\/accountdaten-aendern\/\">Mein Profil<\/a> l\u00f6scht. Dabei gehen alle Daten verloren.<\/p><h3 class=\"wp-block-heading\" id=\"agb-aed\">\u00a7 7 \u00c4nderung oder Einstellung des Dienstes<\/h3><p>Der Betreiber ist berechtigt, \u00c4nderungen an seinem Dienst vorzunehmen. Auch kann der Dienst unter Einhaltung einer Ank\u00fcndigungsfrist von zwei Wochen beendet werden. Im Falle der Beendigung kann der Betreiber s\u00e4mtliche Inhalte der Webseite l\u00f6schen.<\/p><p>Der Betreiber ist berechtigt, Werbung von Dritten auf der Webseite zu schalten und beh\u00e4lt sich das Recht vor, Entgeltmodelle f\u00fcr verschiedene Nutzergruppen und f\u00fcr bestimmte Premium-Dienste vorzuhalten. Auch ist der Betreiber berechtigt, alle zur Verf\u00fcgung stehenden Rechte und Pflichten auf einen Dritten zu \u00fcbertragen.<\/p><h3 class=\"wp-block-heading\" id=\"agb-sonst\">\u00a7 8 Sonstige Bestimmungen<\/h3><p>Diese AGB stellen die vollst\u00e4ndige Vereinbarung zwischen dem Nutzer und dem Betreiber dar. Es bestehen keine weiteren Abreden, Vereinbarungen oder Erkl\u00e4rungen, die hier nicht genannt sind. Der Betreiber ist an etwaige zus\u00e4tzliche, einseitig durch den Nutzer \u00fcbermittelte Bestimmungen nicht gebunden.<\/p><p>Der Betreiber beh\u00e4lt sich vor, die AGB ohne Nennung von Gr\u00fcnden zu \u00e4ndern. In diesem Fall werden alle Nutzer informiert und k\u00f6nnen innerhalb von 4 Wochen schriftlich widersprechen. Erfolgt kein Widerspruch, so gelten die neuen AGB als akzeptiert. Bei Widerspruch ist der Betreiber befugt, das Vertragsverh\u00e4ltnis mit dem Nutzer mit einer Frist von 2 Wochen zu k\u00fcndigen.<\/p><p>Der Nutzer erkl\u00e4rt sich damit einverstanden, vom Betreiber \u00fcber wichtige \u00c4nderungen per E-Mail informiert zu werden.<\/p><p>Sollte eine Bestimmung dieser AGB unwirksam sein, so bleibt davon die Wirksamkeit im \u00dcbrigen unber\u00fchrt. Anstelle der weggefallenen Bestimmung tritt die gesetzliche Regelung. Entsprechendes gilt f\u00fcr etwaige Regelungsl\u00fccken.<\/p><hr class=\"wp-block-separator has-css-opacity\"\/><h2 class=\"wp-block-heading\">AGB f\u00fcr Mitglieder<\/h2><ul class=\"wp-block-list\"><li>1. Allgemeines<\/li>\n\n<li>2. Vertragsschluss<\/li>\n\n<li>3. Widerrufsrecht des Kunden nach dem Fernabsatzgesetz<\/li>\n\n<li>4. Vertragsgegenstand und Vertrags\u00e4nderung<\/li>\n\n<li>5. Lizenzbedinungen<\/li>\n\n<li>6. Vertragsstrafe bei Missbrauch<\/li>\n\n<li>7. Vertragslaufzeit, Vertragsverl\u00e4ngerung, K\u00fcndigung<\/li>\n\n<li>8. Allgemeine Pflichten des Kunden<\/li>\n\n<li>9. Entgeltzahlung<\/li>\n\n<li>10. Haftung des Anbieters<\/li>\n\n<li>11. Sperrung, Voraussetzungen und Aufhebung der Sperrung, Kostenerstattung<\/li>\n\n<li>12. Datenschutz<\/li><\/ul><h3 class=\"wp-block-heading\" id=\"01allgemein\">1. Allgemeines<\/h3><p>Prof. Tegischer, Unterleiten 46, A-7532 Litzelsdorf (\u201eAnbieter\u201c) erbringt alle Leistungen auf Grundlage dieser Allgemeinen Gesch\u00e4ftsbedingungen (\u201eAGB\u201c).<\/p><h3 class=\"wp-block-heading\" id=\"vertragsschluss\">2. Vertragsschluss<\/h3><p>Der Vertrag zwischen Kunde und Anbieter wird mit Hilfe von Digistore24 abgewickelt. Der Zugang (Mitgliedschaft) wird dem Kunden unverz\u00fcglich nach Eingang des vereinbarten Zahlbetrages per Mail zugeschickt.<\/p><h3 class=\"wp-block-heading\" id=\"widerrufsrecht\">3. Widerrufsrecht des Kunden<\/h3><p>Beim Kauf der Mitgliedschaft von Prof. Tegischer <strong>erlischt das Widerrufsrecht sofort<\/strong>. Eine <strong>R\u00fcckgabe <\/strong>ist <strong>nicht m\u00f6glich<\/strong>. Der Kunde muss bei der <strong>Bestellung <\/strong>zustimmen, dass mit Kauf das Widerrufsrecht erlischt. <\/p><p><strong><span class=\"has-inline-color has-secondary-color\">Ausnahme<\/span><\/strong><span class=\"has-inline-color has-secondary-color\"><strong>:<\/strong> <\/span>K\u00f6nnen die Vertragsbedingungen (Zusenden von funktionierenden Log-In Daten f\u00fcr den Mitgliederbereich) <strong>NICHT <\/strong>erf\u00fcllt werden, so wird das Geld dem Nutzer r\u00fcck\u00fcberwiesen und der Vertrag wird widerrufen.<\/p><h3 class=\"wp-block-heading\" id=\"vertragsgegenstand\">4. Vertrag und Vertrags\u00e4nderung<\/h3><p>4.1 Der Anbieter stellt dem Kunden einen Mitglieder-Zugang online auf www.prof-tegischer.com zur Verf\u00fcgung. Der Anbieter gew\u00e4hrleistet eine Erreichbarkeit von 99 % im Jahresdurchschnitt. Der Anbieter ist f\u00fcr die Erreichbarkeit nur insoweit verantwortlich, als die Nichtabrufbarkeit auf den von ihm betriebenen Webserver selbst zur\u00fcckzuf\u00fchren ist.<\/p><p>4.2 Dem Anbieter bleibt das Recht vorbehalten, Leistungen zu erweitern und Verbesserungen vorzunehmen, wenn diese dem technischen Fortschritt dienen, notwendig erscheinen, um Missbrauch zu verhindern, oder der Anbieter aufgrund gesetzlicher Vorschriften hierzu verpflichtet ist. Sonstige \u00c4nderungen des Vertragsinhalts, einschlie\u00dflich dieser AGB, kann der Anbieter &#8211; mit Zustimmung des Kunden &#8211; vornehmen, sofern die \u00c4nderung unter Ber\u00fccksichtigung der Interessen des Anbieters f\u00fcr den Kunden zumutbar ist. Unzumutbar ist insbesondere jede Vertrags\u00e4nderung, die eine Reduzierung der vertraglichen Hauptleistungen des Anbieters zur Folge hat.<\/p><p>4.3 Sollte der Anbieter seine Tarifpreise \u00e4ndern, so gilt f\u00fcr den Kunden der g\u00fcnstigere Tarif.<\/p><p>4.4 Freiwillige, unentgeltliche Dienste und Leistungen des Anbieters, die ausdr\u00fccklich als solche bezeichnet und nicht Teil der Leistungsbeschreibung sind, k\u00f6nnen vom Anbieter jederzeit eingestellt werden. Der Anbieter wird bei \u00c4nderungen und der Einstellung kostenloser Dienste und Leistungen auf die berechtigten Interessen des Kunden R\u00fccksicht nehmen.<\/p><p>4.5 Der Anbieter kann dar\u00fcber hinaus seine Rechte und Pflichten aus diesem Vertrag auf einen oder mehrere Dritte \u00fcbertragen (\u201eVertrags\u00fcbernahme\u201c). Der Anbieter hat dem Kunden die Vertrags\u00fcbernahme mindestens vier Wochen vor dem Zeitpunkt der \u00dcbernahme mitzuteilen. F\u00fcr den Fall der Vertrags\u00fcbernahme steht dem Kunden das Recht zu, den Vertrag mit Wirkung zum Zeitpunkt der Vertrags\u00fcbernahme zu k\u00fcndigen.<\/p><h3 class=\"wp-block-heading\" id=\"download\">5. Lizenzbedingungen<\/h3><h4 class=\"wp-block-heading\"><span style=\"background-color:rgba(0, 0, 0, 0)\" class=\"has-inline-color has-primary-color\">5.1 Allgemeine Regeln f\u00fcr Mitglieder:<\/span> <\/h4><p><strong>Bemerkung: <\/strong><em>Diese Bedingungen gelten auch f\u00fcr Personen, die noch <strong>keine Mitgliedschaft <\/strong>abgeschlossen haben.<\/em><\/p><ul class=\"wp-block-list\"><li>Mitglieder <span class=\"has-inline-color has-foreground-color\">d\u00fcrfen <\/span>die Materialien f\u00fcr eigene Zwecke zur Erarbeitung von Inhalten nutzen.<\/li>\n\n<li>Mitglieder <span class=\"has-inline-color has-foreground-color\">d\u00fcrfen <\/span>die Materialien herunterladen, ausdrucken und zur Nutzung im eigenen Bereich anwenden. Es ist <span style=\"color:#ef0b0f\" class=\"has-inline-color\">nicht erlaubt<\/span>, die Materialien (egal in welcher Art und Weise) zu vervielf\u00e4ltigen, um anderen Personen einen Zugang zu erm\u00f6glichen.<\/li>\n\n<li><span style=\"background-color:rgba(0, 0, 0, 0);color:#ef0b0f\" class=\"has-inline-color\">Sie d\u00fcrfen mein Materialen <strong>NICHT <\/strong>gewerblich nutzen, \u00fcber das Internet verbreiten oder an Dritte weitergeben. Graphiken d\u00fcrfen nicht ohne Zustimmung herauskopiert werden.<\/span><\/li>\n\n<li>Die Materialien d\u00fcrfen nicht ver\u00e4ndert und als eigene ausgegeben werden.<\/li>\n\n<li>Die Zugangsdaten d\u00fcrfen nicht weitergegeben werden.<\/li>\n\n<li>Bei einem <strong>Missbrauch <\/strong>erlischt das Nutzungsrecht an den Inhalten und es muss mit einer Schadenersatzforderung gerechnet werden.<\/li><\/ul><h4 class=\"wp-block-heading\"><span style=\"background-color:rgba(0, 0, 0, 0)\" class=\"has-inline-color has-primary-color\">5.2<\/span> <span style=\"background-color:rgba(0, 0, 0, 0)\" class=\"has-inline-color has-primary-color\">Zus\u00e4tzliche Regeln f\u00fcr Lehrpersonen:<\/span><\/h4><ul class=\"wp-block-list\"><li><strong><span style=\"color:#0dab4a\" class=\"has-inline-color\">WICHTIGSTE REGEL:<\/span><\/strong> LehrerInnen d\u00fcrfen die Materialien in <span style=\"color:#0dab4a\" class=\"has-inline-color\"><strong>Ihrem<\/strong><\/span><strong><span style=\"color:#0dab4a\" class=\"has-inline-color\"> <\/span><\/strong><span style=\"color:#0dab4a\" class=\"has-inline-color\"><strong>eigenen Unterricht<\/strong> <\/span>verwenden:<br>&#8211; Es ist <span class=\"has-inline-color has-foreground-color\">erlaubt<\/span>, Kopien zu erstellen und diese den Sch\u00fclerInnen auszuteilen.<br>&#8211; LehrerInnen <span class=\"has-inline-color has-foreground-color\">d\u00fcrfen <\/span>Unterlagen in eLearning-Kursen ihren eigenen Sch\u00fclerinnen und Sch\u00fclern bereitstellen sofern der Kurs mit einem Kennwort gesch\u00fctzt ist und nur die eigenen Sch\u00fclerinnen und Sch\u00fcler (keine weiteren Lehrkr\u00e4fte) darauf Zugriff haben.<br>&#8211; Es ist <strong><span style=\"color:#ef0b0f\" class=\"has-inline-color\">nicht erlaubt<\/span><\/strong>, die Materialien mit Ihren KollegInnen zu teilen. Es ist nicht erlaubt, die Unterlagen an Orten zu speichern, an denen auch andere Lehrpersonen Zugriff haben.<br>&#8211; Es ist <strong><span style=\"color:#ef0b0f\" class=\"has-inline-color\">nicht erlaubt<\/span><\/strong>, Materialien auf Plattformen hochzuladen, bei denen ein \u00f6ffentlicher Zugriff besteht. <\/li>\n\n<li><span style=\"background-color:rgba(0, 0, 0, 0);color:#ef0b0f\" class=\"has-inline-color\">LehrerInnen m\u00fcssen den Sch\u00fclerInnen mitteilen, dass sie die Materialien nicht gewerblich nutzen, \u00fcber das Internet verbreiten oder an Dritte weitergeben d\u00fcrfen.<\/span><\/li><\/ul><p><strong>Bemerkung<\/strong>: Die Nutzung der heruntergeladenen Inhalte ist auch nach einer Beendigung der Mitgliedschaft erlaubt solange die Regeln eingehalten werden.<\/p><h3 class=\"wp-block-heading\" id=\"download1\">6. Vertragsstrafe bei Missbrauch<\/h3><p>6.1 Der Anbieter kann bei einer vom Kunden zu vertretenden groben Zuwiderhandlung gegen Verpflichtungen (Verst\u00f6\u00dfe gegen die Lizenzbedingungen in Punkt 5) nach diesen AGB von diesem Zahlung einer <strong>Vertragsstrafe <\/strong>verlangen, deren H\u00f6he vom Anbieter im Einzelfall angemessen festzusetzen ist und deren H\u00f6he der Kunde gerichtlich \u00fcberpr\u00fcfen lassen kann.<\/p><h3 class=\"wp-block-heading\" id=\"vertragslaufzeit\">7. Vertragslaufzeit, Vertragsverl\u00e4ngerung, K\u00fcndigung<\/h3><p>7.1 Die Mitgliedschaft hat eine feste Dauer von 1 Jahr, die nur verl\u00e4ngert wird, sofern eine weitere Zahlung durch den Kunden eingeht. Geht keine Zahlung mehr ein, so wird das Abonnement nicht verl\u00e4ngert. <\/p><p>7.2 Unber\u00fchrt bleibt das Recht beider Vertragsparteien zur fristlosen K\u00fcndigung aus wichtigem Grund. Ein wichtiger Grund f\u00fcr den Anbieter ist insbesondere dann gegeben, wenn mindestens einer der folgenden Sachverhalte vorliegt:<\/p><ul class=\"wp-block-list\"><li>der Kunde verst\u00f6\u00dft trotz Abmahnung schuldhaft gegen eine vertragliche Pflicht,<\/li>\n\n<li>der Kunde beseitigt trotz Abmahnung nicht innerhalb angemessener Frist eine Vertrags- oder Rechtsverletzung.<\/li><\/ul><p>Eine Abmahnung ist entbehrlich, wenn es sich um einen Versto\u00df handelt, der eine Fortsetzung des Vertrages f\u00fcr den Anbieter unzumutbar macht. Dies ist insbesondere der Fall:<\/p><ul class=\"wp-block-list\"><li>bei gravierenden Vertrags- oder Rechtsverst\u00f6\u00dfen, wie zum Beispiel:<\/li>\n\n<li>erheblichen Urheberrechtsverst\u00f6\u00dfen<\/li>\n\n<li>bei Straftaten des Kunden gegen den Anbieter oder andere Kunden des Anbieters, insbesondere bei strafbarer Aussp\u00e4hung oder Manipulationen der Daten des Anbieters oder anderer Kunden des Anbieters.<\/li><\/ul><p>7.3 Die ordentliche und au\u00dferordentliche K\u00fcndigung bed\u00fcrfen zu ihrer Wirksamkeit der Schriftform.<\/p><p>7.4 Nach Beendigung des Vertragsverh\u00e4ltnisses ist der Anbieter zur Erbringung der vertraglichen Leistungen nicht mehr verpflichtet. Sp\u00e4testens sieben Tage nach Vertragsende kann der Anbieter s\u00e4mtliche auf dem Webserver befindliche Daten des Kunden l\u00f6schen.<\/p><h3 class=\"wp-block-heading\" id=\"pflichten\">8. Allgemeine Pflichten des Kunden<\/h3><p>8.1 Der Kunde verpflichtet sich, sein zum Zwecke des Zugangs erstelltes Passwort geheim zu halten. Sobald der Kunde davon Kenntnis erlangt, dass unbefugten Dritten das Passwort bekannt ist, \u00e4ndert er unverz\u00fcglich das Passwort f\u00fcr seinen Zugang. Zudem informiert er den Anbieter \u00fcber den Sachverhalt.<\/p><h3 class=\"wp-block-heading\" id=\"entgelt\">9. Entgeltzahlung<\/h3><p>9.1 Die H\u00f6he der vom Kunden an den Anbieter zu zahlenden Entgelte und der jeweilige Abrechnungszeitraum ergeben sich aus Rechnungsdatum und dem zugeh\u00f6rigen Mitgliedschaftspreis.<\/p><h3 class=\"wp-block-heading\" id=\"haftung\">10. Haftung des Anbieters<\/h3><p>10.1 Der Anbieter haftet unbeschr\u00e4nkt<br>&#8211; bei Vorsatz oder grober Fahrl\u00e4ssigkeit,<br>&#8211; f\u00fcr die Verletzung von Leben, Leib oder Gesundheit,<br>&#8211; bei schwerwiegendem Organisationsverschulden des Anbieters,<\/p><p>10.2 Der Anbieter haftet dar\u00fcber hinaus bei fahrl\u00e4ssiger Verletzung von Pflichten, deren Erf\u00fcllung die ordnungsgem\u00e4\u00dfe Durchf\u00fchrung des Vertrages \u00fcberhaupt erst erm\u00f6glicht und auf deren Einhaltung der Vertragspartner regelm\u00e4\u00dfig vertrauen darf.<\/p><p>10.3 Die Haftung nach Ziffer 10.1 und 10.2 besteht auch, soweit die Pflichtverletzung einem Erf\u00fcllungsgehilfen oder gesetzlichen Vertreter des Anbieters zur Last f\u00e4llt.<\/p><p>10.4 Eine \u00fcber die Ziffern 10.1 bis 10.3 hinausgehende Haftung des Anbieters &#8211; gleich aus welchem Rechtsgrund &#8211; besteht nicht.<\/p><h3 class=\"wp-block-heading\" id=\"sperrung\">11. Sperrung, Voraussetzungen und Aufhebung der Sperrung, Kostenerstattung<\/h3><p>11.1 Eine Sperrung des Zugangs des Kunden kann bei einem Versto\u00df gegen die Lizenzbedingungen geschehen. Nimmt der Anbieter eine Sperrung vor, so ist er zur Sperrung s\u00e4mtlicher vertragsgegenst\u00e4ndlichen Dienste und Leistungen berechtigt. Die Wahl der Sperrma\u00dfnahme liegt insoweit im Ermessen des Anbieters. Der Anbieter wird jedoch die berechtigten Belange des Kunden ber\u00fccksichtigen. <\/p><p>11.2 Liegt offensichtlich ein Verhalten des Kunden oder ein diesem zurechenbares Verhalten Dritter vor, das gegen geltendes Recht oder Rechte Dritter verst\u00f6\u00dft, kann der Anbieter eine Sperrung vornehmen. Der Anbieter setzt den Kunden hier\u00fcber in Kenntnis. Der Anbieter kann die Aufhebung der Sperrung davon abh\u00e4ngig machen, dass der Kunde den rechtswidrigen Zustand beseitigt und zum Ausschluss einer Wiederholungsgefahr eine vertragsstrafenbewehrte Unterlassungserkl\u00e4rung gegen\u00fcber dem Anbieter abgibt sowie f\u00fcr die Zahlung einer eventuell zuk\u00fcnftig ergebenden Vertragsstrafe Sicherheit geleistet hat. Die H\u00f6he des Vertragsstrafeversprechens orientiert sich dabei an der Bedeutung des Versto\u00dfes.<\/p><h3 class=\"wp-block-heading\" id=\"datenschutz\">12. Datenschutz, Geheimhaltungserkl\u00e4rung<\/h3><p>12.1  Der Betreiber sichert zu, nur notwendige Daten zu erfassen und diese mit \u00e4u\u00dferster Sorgfalt zu behandeln. Eine Weitergabe an Dritte ist ausgeschlossen. Alle Details finden Sie hier:&nbsp;<a href=\"https:\/\/prof-tegischer.com\/datenschutzerklaerung\/\" target=\"_blank\" rel=\"noreferrer noopener\">Regelungen zum Datenschutz<\/a> <\/p><p>12.2 Der Kunde hat jederzeit das Recht auf unentgeltliche Auskunft \u00fcber seine gespeicherten personenbezogenen Daten sowie das Recht auf Berichtigung und L\u00f6schung dieser. Hierzu gen\u00fcgt eine E-Mail an\u00a0<a href=\"mailto:info@prof-tegischer.com\">info@sportfreaks.eu<\/a> Im \u00dcbrigen darf die L\u00f6schung von Bestands- und Abrechnungsdaten unterbleiben, soweit dies gesetzliche Regelungen vorsehen oder die Verfolgung von Anspr\u00fcchen dies erfordert.<\/p><p>Stand: 23.10.2023<\/p><div style=\"height:220px\" aria-hidden=\"true\" class=\"wp-block-spacer\"><\/div><p class=\"has-text-align-center\"><a href=\"https:\/\/sportfreaks.eu\/index.php\/datenschutzerklaerung\/\" data-type=\"URL\" data-id=\"https:\/\/sportfreaks.eu\/index.php\/datenschutzerklaerung\/\">Datenschutzerkl\u00e4rung<\/a> ~ <a href=\"https:\/\/sportfreaks.eu\/index.php\/impressum\/\" data-type=\"URL\" data-id=\"https:\/\/sportfreaks.eu\/index.php\/impressum\/\">Impressum<\/a> ~ <a href=\"https:\/\/sportfreaks.eu\/index.php\/lizenzbedingungen-und-regeln\/\" data-type=\"URL\" data-id=\"https:\/\/sportfreaks.eu\/index.php\/lizenzbedingungen-und-regeln\/\">Lizenzbedingungen und Regeln<\/a><\/p>","protected":false},"excerpt":{"rendered":"<p>Wir als Sport Freaks freuen&nbsp;uns, wenn KollegInnen die Unterlagen im eigenen Unterricht einsetzen oder wenn Sch\u00fclerInnen mit den Materialien Fortschritte erzielen m\u00f6chten.Dennoch gibt es Regeln, an die sich alle Personen halten m\u00fcssen, die mit Materialien von Sport Freaks arbeiten. Allgemeine Regeln: Zus\u00e4tzliche Regeln f\u00fcr Lehrpersonen: Weiteres AGB f\u00fcr alle Nutzer \u00a7 1 Dienstbeschreibung Der Betreiber [&hellip;]<\/p>\n","protected":false},"author":1,"featured_media":0,"parent":0,"menu_order":0,"comment_status":"closed","ping_status":"closed","template":"","meta":{"footnotes":""},"class_list":["post-230","page","type-page","status-publish","hentry"],"_links":{"self":[{"href":"https:\/\/sportfreaks.eu\/index.php\/wp-json\/wp\/v2\/pages\/230","targetHints":{"allow":["GET"]}}],"collection":[{"href":"https:\/\/sportfreaks.eu\/index.php\/wp-json\/wp\/v2\/pages"}],"about":[{"href":"https:\/\/sportfreaks.eu\/index.php\/wp-json\/wp\/v2\/types\/page"}],"author":[{"embeddable":true,"href":"https:\/\/sportfreaks.eu\/index.php\/wp-json\/wp\/v2\/users\/1"}],"replies":[{"embeddable":true,"href":"https:\/\/sportfreaks.eu\/index.php\/wp-json\/wp\/v2\/comments?post=230"}],"version-history":[{"count":5,"href":"https:\/\/sportfreaks.eu\/index.php\/wp-json\/wp\/v2\/pages\/230\/revisions"}],"predecessor-version":[{"id":1876,"href":"https:\/\/sportfreaks.eu\/index.php\/wp-json\/wp\/v2\/pages\/230\/revisions\/1876"}],"wp:attachment":[{"href":"https:\/\/sportfreaks.eu\/index.php\/wp-json\/wp\/v2\/media?parent=230"}],"curies":[{"name":"wp","href":"https:\/\/api.w.org\/{rel}","templated":true}]}}