{"id":1677,"date":"2023-03-13T14:45:54","date_gmt":"2023-03-13T14:45:54","guid":{"rendered":"https:\/\/sportfreaks.eu\/?page_id=1677"},"modified":"2023-03-13T14:58:57","modified_gmt":"2023-03-13T14:58:57","slug":"reck-muehlumschwung-rueckwaerts","status":"publish","type":"page","link":"https:\/\/sportfreaks.eu\/index.php\/reck-muehlumschwung-rueckwaerts\/","title":{"rendered":"Reck: M\u00fchlumschwung r\u00fcckw\u00e4rts"},"content":{"rendered":"<p class='digimember_access_denied digimeber_content_locked'>Entschuldigung! Du hast momentan keinen Zugang zu diesem Inhalt.<\/p>","protected":false},"excerpt":{"rendered":"<p>Entschuldigung! Du hast momentan keinen Zugang zu diesem Inhalt.<\/p>\n","protected":false},"author":1,"featured_media":0,"parent":0,"menu_order":0,"comment_status":"closed","ping_status":"closed","template":"","meta":{"footnotes":""},"class_list":["post-1677","page","type-page","status-publish","hentry"],"_links":{"self":[{"href":"https:\/\/sportfreaks.eu\/index.php\/wp-json\/wp\/v2\/pages\/1677","targetHints":{"allow":["GET"]}}],"collection":[{"href":"https:\/\/sportfreaks.eu\/index.php\/wp-json\/wp\/v2\/pages"}],"about":[{"href":"https:\/\/sportfreaks.eu\/index.php\/wp-json\/wp\/v2\/types\/page"}],"author":[{"embeddable":true,"href":"https:\/\/sportfreaks.eu\/index.php\/wp-json\/wp\/v2\/users\/1"}],"replies":[{"embeddable":true,"href":"https:\/\/sportfreaks.eu\/index.php\/wp-json\/wp\/v2\/comments?post=1677"}],"version-history":[{"count":3,"href":"https:\/\/sportfreaks.eu\/index.php\/wp-json\/wp\/v2\/pages\/1677\/revisions"}],"predecessor-version":[{"id":1686,"href":"https:\/\/sportfreaks.eu\/index.php\/wp-json\/wp\/v2\/pages\/1677\/revisions\/1686"}],"wp:attachment":[{"href":"https:\/\/sportfreaks.eu\/index.php\/wp-json\/wp\/v2\/media?parent=1677"}],"curies":[{"name":"wp","href":"https:\/\/api.w.org\/{rel}","templated":true}]}}