{"id":151,"date":"2021-12-21T08:50:19","date_gmt":"2021-12-21T08:50:19","guid":{"rendered":"https:\/\/sportfreaks.eu\/?page_id=151"},"modified":"2023-01-12T18:38:05","modified_gmt":"2023-01-12T18:38:05","slug":"barren-entwicklung-der-stuetzkraft","status":"publish","type":"page","link":"https:\/\/sportfreaks.eu\/index.php\/barren-entwicklung-der-stuetzkraft\/","title":{"rendered":"Barren &#8211; Entwicklung der St\u00fctzkraft"},"content":{"rendered":"<p class=\"has-text-align-center has-medium-font-size\">1. <a href=\"https:\/\/sportfreaks.eu\/index.php\/barren-winkelstuetz\/\" data-type=\"URL\" data-id=\"https:\/\/sportfreaks.eu\/index.php\/barren-winkelstuetz\/\">Winkelst\u00fctz<\/a><\/p><p class=\"has-text-align-center has-black-color has-text-color has-medium-font-size\">2. <a href=\"https:\/\/sportfreaks.eu\/index.php\/barren-graetschwinkelstuetz\/\">Gr\u00e4tschwinkelst\u00fctz<\/a><\/p><div style=\"height:220px\" aria-hidden=\"true\" class=\"wp-block-spacer\"><\/div><p class=\"has-text-align-center\"><a href=\"https:\/\/sportfreaks.eu\/index.php\/datenschutzerklaerung\/\" data-type=\"URL\" data-id=\"https:\/\/sportfreaks.eu\/index.php\/datenschutzerklaerung\/\">Datenschutzerkl\u00e4rung<\/a> ~ <a href=\"https:\/\/sportfreaks.eu\/index.php\/impressum\/\" data-type=\"URL\" data-id=\"https:\/\/sportfreaks.eu\/index.php\/impressum\/\">Impressum<\/a> ~ <a href=\"https:\/\/sportfreaks.eu\/index.php\/lizenzbedingungen-und-regeln\/\" data-type=\"URL\" data-id=\"https:\/\/sportfreaks.eu\/index.php\/lizenzbedingungen-und-regeln\/\">Lizenzbedingungen und Regeln<\/a><\/p>","protected":false},"excerpt":{"rendered":"<p>1. Winkelst\u00fctz 2. Gr\u00e4tschwinkelst\u00fctz Datenschutzerkl\u00e4rung ~ Impressum ~ Lizenzbedingungen und Regeln<\/p>\n","protected":false},"author":1,"featured_media":0,"parent":0,"menu_order":0,"comment_status":"closed","ping_status":"closed","template":"","meta":{"footnotes":""},"class_list":["post-151","page","type-page","status-publish","hentry"],"_links":{"self":[{"href":"https:\/\/sportfreaks.eu\/index.php\/wp-json\/wp\/v2\/pages\/151","targetHints":{"allow":["GET"]}}],"collection":[{"href":"https:\/\/sportfreaks.eu\/index.php\/wp-json\/wp\/v2\/pages"}],"about":[{"href":"https:\/\/sportfreaks.eu\/index.php\/wp-json\/wp\/v2\/types\/page"}],"author":[{"embeddable":true,"href":"https:\/\/sportfreaks.eu\/index.php\/wp-json\/wp\/v2\/users\/1"}],"replies":[{"embeddable":true,"href":"https:\/\/sportfreaks.eu\/index.php\/wp-json\/wp\/v2\/comments?post=151"}],"version-history":[{"count":4,"href":"https:\/\/sportfreaks.eu\/index.php\/wp-json\/wp\/v2\/pages\/151\/revisions"}],"predecessor-version":[{"id":1102,"href":"https:\/\/sportfreaks.eu\/index.php\/wp-json\/wp\/v2\/pages\/151\/revisions\/1102"}],"wp:attachment":[{"href":"https:\/\/sportfreaks.eu\/index.php\/wp-json\/wp\/v2\/media?parent=151"}],"curies":[{"name":"wp","href":"https:\/\/api.w.org\/{rel}","templated":true}]}}