{"id":148,"date":"2021-12-21T08:49:39","date_gmt":"2021-12-21T08:49:39","guid":{"rendered":"https:\/\/sportfreaks.eu\/?page_id=148"},"modified":"2023-01-13T07:17:48","modified_gmt":"2023-01-13T07:17:48","slug":"reck-kippbewegungen","status":"publish","type":"page","link":"https:\/\/sportfreaks.eu\/index.php\/reck-kippbewegungen\/","title":{"rendered":"Reck &#8211; Kippbewegungen"},"content":{"rendered":"<p class=\"has-text-align-center has-medium-font-size\">1. <a href=\"https:\/\/sportfreaks.eu\/index.php\/kippvariationen-und-verbindungen-reck\/\">Kippvariationen- und verbindungen<\/a><\/p><p class=\"has-text-align-center has-medium-font-size\">2.  <a href=\"https:\/\/sportfreaks.eu\/index.php\/schwebekippe-reck\/\" data-type=\"URL\" data-id=\"https:\/\/sportfreaks.eu\/index.php\/schwebekippe-reck\/\">Schwebekippe<\/a><\/p><p class=\"has-text-align-center has-medium-font-size\">3. <a href=\"https:\/\/sportfreaks.eu\/index.php\/reck-rueckfallkippe\/\">R\u00fcckfallkippe<\/a><\/p><p class=\"has-text-align-center has-black-color has-text-color has-medium-font-size\">4. <a href=\"https:\/\/sportfreaks.eu\/index.php\/reck-stuetzschwebekippe\/\" data-type=\"URL\" data-id=\"https:\/\/sportfreaks.eu\/index.php\/reck-stuetzschwebekippe\/\">St\u00fctzschwebekippe<\/a><\/p><p class=\"has-text-align-center has-medium-font-size\">5. <a href=\"https:\/\/sportfreaks.eu\/index.php\/reck-spreizkippe-muehlaufschwung\/\">Spreizkippe<\/a><\/p><p class=\"has-text-align-center has-medium-font-size\">6. St\u00fctz-Spreizkippe<\/p><p class=\"has-text-align-center has-medium-font-size\">7. <a href=\"https:\/\/sportfreaks.eu\/index.php\/reck-durchschubkippe\/\" data-type=\"URL\" data-id=\"https:\/\/sportfreaks.eu\/index.php\/reck-durchschubkippe\/\">Durchschubkippe<\/a><\/p><p class=\"has-text-align-center has-medium-font-size\">8. <a href=\"https:\/\/sportfreaks.eu\/index.php\/reck-stuetz-durchschubkippe\/\">St\u00fctz-Durchschubkippe<\/a><\/p><div style=\"height:220px\" aria-hidden=\"true\" class=\"wp-block-spacer\"><\/div><p class=\"has-text-align-center\"><a href=\"https:\/\/sportfreaks.eu\/index.php\/datenschutzerklaerung\/\" data-type=\"URL\" data-id=\"https:\/\/sportfreaks.eu\/index.php\/datenschutzerklaerung\/\">Datenschutzerkl\u00e4rung<\/a> ~ <a href=\"https:\/\/sportfreaks.eu\/index.php\/impressum\/\" data-type=\"URL\" data-id=\"https:\/\/sportfreaks.eu\/index.php\/impressum\/\">Impressum<\/a> ~ <a href=\"https:\/\/sportfreaks.eu\/index.php\/lizenzbedingungen-und-regeln\/\" data-type=\"URL\" data-id=\"https:\/\/sportfreaks.eu\/index.php\/lizenzbedingungen-und-regeln\/\">Lizenzbedingungen und Regeln<\/a><\/p>","protected":false},"excerpt":{"rendered":"<p>1. Kippvariationen- und verbindungen 2. Schwebekippe 3. R\u00fcckfallkippe 4. St\u00fctzschwebekippe 5. Spreizkippe 6. St\u00fctz-Spreizkippe 7. Durchschubkippe 8. St\u00fctz-Durchschubkippe Datenschutzerkl\u00e4rung ~ Impressum ~ Lizenzbedingungen und Regeln<\/p>\n","protected":false},"author":1,"featured_media":0,"parent":0,"menu_order":0,"comment_status":"closed","ping_status":"closed","template":"","meta":{"footnotes":""},"class_list":["post-148","page","type-page","status-publish","hentry"],"_links":{"self":[{"href":"https:\/\/sportfreaks.eu\/index.php\/wp-json\/wp\/v2\/pages\/148","targetHints":{"allow":["GET"]}}],"collection":[{"href":"https:\/\/sportfreaks.eu\/index.php\/wp-json\/wp\/v2\/pages"}],"about":[{"href":"https:\/\/sportfreaks.eu\/index.php\/wp-json\/wp\/v2\/types\/page"}],"author":[{"embeddable":true,"href":"https:\/\/sportfreaks.eu\/index.php\/wp-json\/wp\/v2\/users\/1"}],"replies":[{"embeddable":true,"href":"https:\/\/sportfreaks.eu\/index.php\/wp-json\/wp\/v2\/comments?post=148"}],"version-history":[{"count":10,"href":"https:\/\/sportfreaks.eu\/index.php\/wp-json\/wp\/v2\/pages\/148\/revisions"}],"predecessor-version":[{"id":1310,"href":"https:\/\/sportfreaks.eu\/index.php\/wp-json\/wp\/v2\/pages\/148\/revisions\/1310"}],"wp:attachment":[{"href":"https:\/\/sportfreaks.eu\/index.php\/wp-json\/wp\/v2\/media?parent=148"}],"curies":[{"name":"wp","href":"https:\/\/api.w.org\/{rel}","templated":true}]}}