{"id":1304,"date":"2023-01-13T07:12:50","date_gmt":"2023-01-13T07:12:50","guid":{"rendered":"https:\/\/sportfreaks.eu\/?page_id=1304"},"modified":"2023-10-23T09:01:01","modified_gmt":"2023-10-23T09:01:01","slug":"ausarbeitungen-barren","status":"publish","type":"page","link":"https:\/\/sportfreaks.eu\/index.php\/ausarbeitungen-barren\/","title":{"rendered":"Ausarbeitungen: BARREN"},"content":{"rendered":"<h2 class=\"wp-block-heading has-text-align-center has-vivid-red-color has-text-color\">1. Entwicklung der St\u00fctzkraft<\/h2><p class=\"has-text-align-center has-medium-font-size\">1. <a href=\"https:\/\/sportfreaks.eu\/index.php\/barren-winkelstuetz\/\" data-type=\"URL\" data-id=\"https:\/\/sportfreaks.eu\/index.php\/barren-winkelstuetz\/\">Winkelst\u00fctz<\/a><\/p><p class=\"has-text-align-center has-black-color has-text-color has-medium-font-size\">2. <a href=\"https:\/\/sportfreaks.eu\/index.php\/barren-graetschwinkelstuetz\/\">Gr\u00e4tschwinkelst\u00fctz<\/a><\/p><div style=\"height:50px\" aria-hidden=\"true\" class=\"wp-block-spacer\"><\/div><h2 class=\"wp-block-heading has-text-align-center has-vivid-red-color has-text-color\">2. Schwingen (St\u00fctz &amp; Oberarmhang)<\/h2><p class=\"has-text-align-center has-medium-font-size\">1. <a href=\"https:\/\/sportfreaks.eu\/index.php\/schwingen-barren\/\" data-type=\"URL\" data-id=\"https:\/\/sportfreaks.eu\/index.php\/schwingen-barren\/\">Schwingen im St\u00fctz<\/a>  (frei verf\u00fcgbar)<\/p><p class=\"has-text-align-center has-medium-font-size\">2. <a href=\"https:\/\/sportfreaks.eu\/index.php\/barren-schwingen-im-oberarmhang\/\" data-type=\"URL\" data-id=\"https:\/\/sportfreaks.eu\/index.php\/barren-schwingen-im-oberarmhang\/\">Schwingen im Oberarmhang<\/a><\/p><div style=\"height:50px\" aria-hidden=\"true\" class=\"wp-block-spacer\"><\/div><h2 class=\"wp-block-heading has-text-align-center has-vivid-red-color has-text-color\">3. Oberarmrolle, Oberarmstand<\/h2><p class=\"has-text-align-center has-medium-font-size\">1. <a href=\"https:\/\/sportfreaks.eu\/index.php\/oberarmrolle-barren\/\" data-type=\"URL\" data-id=\"https:\/\/sportfreaks.eu\/index.php\/oberarmrolle-barren\/\">Oberarmrolle vorw\u00e4rts<\/a><\/p><p class=\"has-text-align-center has-medium-font-size\">2. <a href=\"https:\/\/sportfreaks.eu\/index.php\/barren-aufrichten-in-den-oberarmstand\/\" data-type=\"URL\" data-id=\"https:\/\/sportfreaks.eu\/index.php\/barren-aufrichten-in-den-oberarmstand\/\">Oberarmstand aus dem Gr\u00e4tschsitz<\/a>  (frei verf\u00fcgbar)<\/p><p class=\"has-text-align-center has-medium-font-size\">3. <a href=\"https:\/\/sportfreaks.eu\/index.php\/barren-abrollen-aus-dem-oberarmstand\/\" data-type=\"URL\" data-id=\"https:\/\/sportfreaks.eu\/index.php\/barren-abrollen-aus-dem-oberarmstand\/\">Abrollen aus dem Oberarmstand in den Gr\u00e4tschsitz<\/a><\/p><p class=\"has-text-align-center has-medium-font-size\">4. <a href=\"https:\/\/sportfreaks.eu\/index.php\/barren-rueckschwung-in-den-oberarmstand\/\" data-type=\"URL\" data-id=\"https:\/\/sportfreaks.eu\/index.php\/barren-rueckschwung-in-den-oberarmstand\/\">R\u00fcckschwung in den Oberarmstand<\/a><\/p><p class=\"has-text-align-center has-medium-font-size\">5. <a href=\"https:\/\/sportfreaks.eu\/index.php\/barren-oberarmstand-aufgaenge-und-verbindungen\/\">Oberarmstand: Aufg\u00e4nge und Verbindungen<\/a><\/p><div style=\"height:50px\" aria-hidden=\"true\" class=\"wp-block-spacer\"><\/div><h2 class=\"wp-block-heading has-text-align-center has-vivid-red-color has-text-color\">4. Stemmbewegungen<\/h2><p class=\"has-text-align-center has-medium-font-size\">1.  <a href=\"https:\/\/sportfreaks.eu\/index.php\/barren-stemme-vorwaerts\/\">Stemme vorw\u00e4rts<\/a><\/p><p class=\"has-text-align-center has-medium-font-size\">2. <a href=\"https:\/\/sportfreaks.eu\/index.php\/barren-stemme-rueckwaerts\/\" data-type=\"URL\" data-id=\"https:\/\/sportfreaks.eu\/index.php\/barren-stemme-rueckwaerts\/\">Stemme r\u00fcckw\u00e4rts<\/a><\/p><div style=\"height:50px\" aria-hidden=\"true\" class=\"wp-block-spacer\"><\/div><h2 class=\"wp-block-heading has-text-align-center has-vivid-red-color has-text-color\">5. Kippbewegungen<\/h2><p class=\"has-text-align-center has-black-color has-text-color has-medium-font-size\">1. <a href=\"https:\/\/sportfreaks.eu\/index.php\/barren-oberarmkippe\/\" data-type=\"URL\" data-id=\"https:\/\/sportfreaks.eu\/index.php\/barren-oberarmkippe\/\">Oberarmkippe<\/a><\/p><p class=\"has-text-align-center has-black-color has-text-color has-medium-font-size\">2. <a href=\"https:\/\/sportfreaks.eu\/index.php\/barren-schwebekippe\/\" data-type=\"URL\" data-id=\"https:\/\/sportfreaks.eu\/index.php\/barren-schwebekippe\/\">Schwebekippe<\/a><\/p><div style=\"height:50px\" aria-hidden=\"true\" class=\"wp-block-spacer\"><\/div><h2 class=\"wp-block-heading has-text-align-center has-vivid-red-color has-text-color\">6. Abg\u00e4nge<\/h2><p class=\"has-text-align-center has-medium-font-size\">1. <a href=\"https:\/\/sportfreaks.eu\/index.php\/barren-kehre\/\" data-type=\"URL\" data-id=\"https:\/\/sportfreaks.eu\/index.php\/barren-kehre\/\">Kehre<\/a><\/p><p class=\"has-text-align-center has-medium-font-size\">2. <a href=\"https:\/\/sportfreaks.eu\/index.php\/barren-wende\/\">Wende<\/a><\/p><p class=\"has-text-align-center has-medium-font-size\">3. <a href=\"https:\/\/sportfreaks.eu\/index.php\/barren-hockwende\/\">Hockwende<\/a><\/p><p class=\"has-text-align-center has-medium-font-size\">4. <a href=\"https:\/\/sportfreaks.eu\/index.php\/barren-kreishocke\/\" data-type=\"URL\" data-id=\"https:\/\/sportfreaks.eu\/index.php\/barren-kreishocke\/\">Kreishocke<\/a><\/p><div style=\"height:50px\" aria-hidden=\"true\" class=\"wp-block-spacer\"><\/div><h2 class=\"wp-block-heading has-text-align-center has-vivid-red-color has-text-color\">7. Unterschwungbewegungen<\/h2><p class=\"has-text-align-center has-medium-font-size\">1. <a href=\"https:\/\/sportfreaks.eu\/index.php\/barren-unterschwung-aus-dem-stand\/\" data-type=\"URL\" data-id=\"https:\/\/sportfreaks.eu\/index.php\/barren-unterschwung-aus-dem-stand\/\">Unterschwung aus dem Stand<\/a><\/p><p class=\"has-text-align-center has-medium-font-size\">2. Unterschwung aus dem St\u00fctz<\/p><div style=\"height:220px\" aria-hidden=\"true\" class=\"wp-block-spacer\"><\/div><p class=\"has-text-align-center\"><a href=\"https:\/\/sportfreaks.eu\/index.php\/datenschutzerklaerung\/\" data-type=\"URL\" data-id=\"https:\/\/sportfreaks.eu\/index.php\/datenschutzerklaerung\/\">Datenschutzerkl\u00e4rung<\/a> ~ <a href=\"https:\/\/sportfreaks.eu\/index.php\/impressum\/\" data-type=\"URL\" data-id=\"https:\/\/sportfreaks.eu\/index.php\/impressum\/\">Impressum<\/a> ~ <a href=\"https:\/\/sportfreaks.eu\/index.php\/lizenzbedingungen-und-regeln\/\" data-type=\"URL\" data-id=\"https:\/\/sportfreaks.eu\/index.php\/lizenzbedingungen-und-regeln\/\">Lizenzbedingungen und Regeln<\/a><\/p>","protected":false},"excerpt":{"rendered":"<p>1. Entwicklung der St\u00fctzkraft 1. Winkelst\u00fctz 2. Gr\u00e4tschwinkelst\u00fctz 2. Schwingen (St\u00fctz &amp; Oberarmhang) 1. Schwingen im St\u00fctz (frei verf\u00fcgbar) 2. Schwingen im Oberarmhang 3. Oberarmrolle, Oberarmstand 1. Oberarmrolle vorw\u00e4rts 2. Oberarmstand aus dem Gr\u00e4tschsitz (frei verf\u00fcgbar) 3. Abrollen aus dem Oberarmstand in den Gr\u00e4tschsitz 4. R\u00fcckschwung in den Oberarmstand 5. Oberarmstand: Aufg\u00e4nge und Verbindungen 4. [&hellip;]<\/p>\n","protected":false},"author":1,"featured_media":0,"parent":0,"menu_order":0,"comment_status":"closed","ping_status":"closed","template":"","meta":{"footnotes":""},"class_list":["post-1304","page","type-page","status-publish","hentry"],"_links":{"self":[{"href":"https:\/\/sportfreaks.eu\/index.php\/wp-json\/wp\/v2\/pages\/1304","targetHints":{"allow":["GET"]}}],"collection":[{"href":"https:\/\/sportfreaks.eu\/index.php\/wp-json\/wp\/v2\/pages"}],"about":[{"href":"https:\/\/sportfreaks.eu\/index.php\/wp-json\/wp\/v2\/types\/page"}],"author":[{"embeddable":true,"href":"https:\/\/sportfreaks.eu\/index.php\/wp-json\/wp\/v2\/users\/1"}],"replies":[{"embeddable":true,"href":"https:\/\/sportfreaks.eu\/index.php\/wp-json\/wp\/v2\/comments?post=1304"}],"version-history":[{"count":9,"href":"https:\/\/sportfreaks.eu\/index.php\/wp-json\/wp\/v2\/pages\/1304\/revisions"}],"predecessor-version":[{"id":1871,"href":"https:\/\/sportfreaks.eu\/index.php\/wp-json\/wp\/v2\/pages\/1304\/revisions\/1871"}],"wp:attachment":[{"href":"https:\/\/sportfreaks.eu\/index.php\/wp-json\/wp\/v2\/media?parent=1304"}],"curies":[{"name":"wp","href":"https:\/\/api.w.org\/{rel}","templated":true}]}}