{"id":1034,"date":"2023-01-13T15:15:19","date_gmt":"2023-01-13T15:15:19","guid":{"rendered":"https:\/\/sportfreaks.eu\/?page_id=1034"},"modified":"2023-11-20T09:32:39","modified_gmt":"2023-11-20T09:32:39","slug":"methodikkonzept-reck","status":"publish","type":"page","link":"https:\/\/sportfreaks.eu\/index.php\/methodikkonzept-reck\/","title":{"rendered":"Methodikkonzept &#8211; RECK"},"content":{"rendered":"<p>Die nachfolgenden Dateien liefern das Methodikkonzept und Vermerkm\u00f6glichkeiten f\u00fcr Lehrpersonen bzw. Trainer. Zudem sind WORD-Dateien angeh\u00e4ngt, sodass die Dokumente individuell angepasst werden k\u00f6nnen.<\/p><div class=\"wp-block-file aligncenter\"><a id=\"wp-block-file--media-b5895a2f-b80f-44a0-ab1e-d1a5850cab62\" href=\"https:\/\/sportfreaks.eu\/wp-content\/uploads\/2023\/11\/Methodik-Reck.pdf\"><strong>Methodikkonzept &#8211; RECK<\/strong><\/a><\/div><div style=\"height:30px\" aria-hidden=\"true\" class=\"wp-block-spacer\"><\/div><div class=\"wp-block-file aligncenter\"><a id=\"wp-block-file--media-32cbae31-05c5-4823-a6e1-cf7f682749bd\" href=\"https:\/\/sportfreaks.eu\/wp-content\/uploads\/2023\/01\/Schueler-Vermerke-Reck-3.pdf\"><strong>Turner<\/strong> &#8211; Vermerke \u00dcbungen, K\u00fcren<\/a><\/div><div class=\"wp-block-file aligncenter\"><a id=\"wp-block-file--media-a32e18da-75cf-468b-a322-02961d260940\" href=\"https:\/\/sportfreaks.eu\/wp-content\/uploads\/2023\/01\/Schueler-Vermerke-Reck-2.docx\"><strong>Turner<\/strong> &#8211; Vermerke \u00dcbungen, K\u00fcren (WORD-Datei)<\/a><\/div><div style=\"height:30px\" aria-hidden=\"true\" class=\"wp-block-spacer\"><\/div><div class=\"wp-block-file aligncenter\"><a id=\"wp-block-file--media-ae66ee20-f969-4d73-937c-f6353266a709\" href=\"https:\/\/sportfreaks.eu\/wp-content\/uploads\/2023\/01\/Lehrer-Uebungen-Vermerke-Reck.pdf\">Trainervermerk &#8211; <strong>\u00dcbungen<\/strong><\/a><\/div><div class=\"wp-block-file aligncenter\"><a id=\"wp-block-file--media-84c2695a-f636-4545-a2da-339d4faa28b2\" href=\"https:\/\/sportfreaks.eu\/wp-content\/uploads\/2023\/01\/Lehrervermerk-Kueren-Reck.docx\">Trainervermerk &#8211; <strong>\u00dcbungen <\/strong>(WORD-Datei)<\/a><\/div><div style=\"height:30px\" aria-hidden=\"true\" class=\"wp-block-spacer\"><\/div><div class=\"wp-block-file aligncenter\"><a id=\"wp-block-file--media-37089aef-9f07-4556-a6c3-40b3c34dc1bf\" href=\"https:\/\/sportfreaks.eu\/wp-content\/uploads\/2023\/01\/Lehrervermerk-Kueren-Reck.pdf\">Trainervermerk &#8211; <strong>K\u00fcren<\/strong><\/a><\/div><div class=\"wp-block-file aligncenter\"><a id=\"wp-block-file--media-e058c05f-3132-4c92-b94d-e07810ceab95\" href=\"https:\/\/sportfreaks.eu\/wp-content\/uploads\/2023\/01\/Lehrervermerk-Kueren-Reck-1.docx\">Trainervermerk &#8211; <strong>K\u00fcren <\/strong>(WORD-Datei)<\/a><\/div><div style=\"height:220px\" aria-hidden=\"true\" class=\"wp-block-spacer\"><\/div><p class=\"has-text-align-center\"><a href=\"https:\/\/sportfreaks.eu\/index.php\/datenschutzerklaerung\/\" data-type=\"URL\" data-id=\"https:\/\/sportfreaks.eu\/index.php\/datenschutzerklaerung\/\">Datenschutzerkl\u00e4rung<\/a> ~ <a href=\"https:\/\/sportfreaks.eu\/index.php\/impressum\/\" data-type=\"URL\" data-id=\"https:\/\/sportfreaks.eu\/index.php\/impressum\/\">Impressum<\/a> ~ <a href=\"https:\/\/sportfreaks.eu\/index.php\/lizenzbedingungen-und-regeln\/\" data-type=\"URL\" data-id=\"https:\/\/sportfreaks.eu\/index.php\/lizenzbedingungen-und-regeln\/\">Lizenzbedingungen und Regeln<\/a><\/p>","protected":false},"excerpt":{"rendered":"<p>Die nachfolgenden Dateien liefern das Methodikkonzept und Vermerkm\u00f6glichkeiten f\u00fcr Lehrpersonen bzw. Trainer. Zudem sind WORD-Dateien angeh\u00e4ngt, sodass die Dokumente individuell angepasst werden k\u00f6nnen. Datenschutzerkl\u00e4rung ~ Impressum ~ Lizenzbedingungen und Regeln<\/p>\n","protected":false},"author":1,"featured_media":0,"parent":0,"menu_order":0,"comment_status":"closed","ping_status":"closed","template":"","meta":{"footnotes":""},"class_list":["post-1034","page","type-page","status-publish","hentry"],"_links":{"self":[{"href":"https:\/\/sportfreaks.eu\/index.php\/wp-json\/wp\/v2\/pages\/1034","targetHints":{"allow":["GET"]}}],"collection":[{"href":"https:\/\/sportfreaks.eu\/index.php\/wp-json\/wp\/v2\/pages"}],"about":[{"href":"https:\/\/sportfreaks.eu\/index.php\/wp-json\/wp\/v2\/types\/page"}],"author":[{"embeddable":true,"href":"https:\/\/sportfreaks.eu\/index.php\/wp-json\/wp\/v2\/users\/1"}],"replies":[{"embeddable":true,"href":"https:\/\/sportfreaks.eu\/index.php\/wp-json\/wp\/v2\/comments?post=1034"}],"version-history":[{"count":11,"href":"https:\/\/sportfreaks.eu\/index.php\/wp-json\/wp\/v2\/pages\/1034\/revisions"}],"predecessor-version":[{"id":1902,"href":"https:\/\/sportfreaks.eu\/index.php\/wp-json\/wp\/v2\/pages\/1034\/revisions\/1902"}],"wp:attachment":[{"href":"https:\/\/sportfreaks.eu\/index.php\/wp-json\/wp\/v2\/media?parent=1034"}],"curies":[{"name":"wp","href":"https:\/\/api.w.org\/{rel}","templated":true}]}}